{"id":19355,"date":"2022-07-01T16:30:55","date_gmt":"2022-07-01T19:30:55","guid":{"rendered":"https:\/\/ppc.com.br\/contact\/"},"modified":"2024-06-07T18:17:03","modified_gmt":"2024-06-07T21:17:03","slug":"contact","status":"publish","type":"page","link":"https:\/\/ppc.com.br\/en\/contact\/","title":{"rendered":"Contact"},"content":{"rendered":"\t\t<div data-elementor-type=\"wp-page\" data-elementor-id=\"19355\" class=\"elementor elementor-19355\" data-elementor-post-type=\"page\">\n\t\t\t\t<div class=\"elementor-element elementor-element-b6e8c98 e-con-full e-flex e-con e-parent\" data-id=\"b6e8c98\" data-element_type=\"container\" data-settings=\"{&quot;background_background&quot;:&quot;classic&quot;}\">\n\t\t\t\t<div class=\"elementor-element elementor-element-a8de01b elementor-tabs-alignment-end elementor-tabs-view-horizontal elementor-widget elementor-widget-tabs\" data-id=\"a8de01b\" data-element_type=\"widget\" data-widget_type=\"tabs.default\">\n\t\t\t\t<div class=\"elementor-widget-container\">\n\t\t\t\t\t\t\t<div class=\"elementor-tabs\">\n\t\t\t<div class=\"elementor-tabs-wrapper\" role=\"tablist\" >\n\t\t\t\t\t\t\t\t\t<div id=\"elementor-tab-title-1771\" class=\"elementor-tab-title elementor-tab-desktop-title\" aria-selected=\"true\" data-tab=\"1\" role=\"tab\" tabindex=\"0\" aria-controls=\"elementor-tab-content-1771\" aria-expanded=\"false\">S\u00e3o Paulo<\/div>\n\t\t\t\t\t\t\t\t\t<div id=\"elementor-tab-title-1772\" class=\"elementor-tab-title elementor-tab-desktop-title\" aria-selected=\"false\" data-tab=\"2\" role=\"tab\" tabindex=\"-1\" aria-controls=\"elementor-tab-content-1772\" aria-expanded=\"false\">Ribeir\u00e3o Preto<\/div>\n\t\t\t\t\t\t\t\t\t<div id=\"elementor-tab-title-1773\" class=\"elementor-tab-title elementor-tab-desktop-title\" aria-selected=\"false\" data-tab=\"3\" role=\"tab\" tabindex=\"-1\" aria-controls=\"elementor-tab-content-1773\" aria-expanded=\"false\">Manaus<\/div>\n\t\t\t\t\t\t\t\t\t<div id=\"elementor-tab-title-1774\" class=\"elementor-tab-title elementor-tab-desktop-title\" aria-selected=\"false\" data-tab=\"4\" role=\"tab\" tabindex=\"-1\" aria-controls=\"elementor-tab-content-1774\" aria-expanded=\"false\">Rio de Janeiro<\/div>\n\t\t\t\t\t\t\t\t\t<div id=\"elementor-tab-title-1775\" class=\"elementor-tab-title elementor-tab-desktop-title\" aria-selected=\"false\" data-tab=\"5\" role=\"tab\" tabindex=\"-1\" aria-controls=\"elementor-tab-content-1775\" aria-expanded=\"false\">Vit\u00f3ria<\/div>\n\t\t\t\t\t\t\t<\/div>\n\t\t\t<div class=\"elementor-tabs-content-wrapper\" role=\"tablist\" aria-orientation=\"vertical\">\n\t\t\t\t\t\t\t\t\t<div class=\"elementor-tab-title elementor-tab-mobile-title\" aria-selected=\"true\" data-tab=\"1\" role=\"tab\" tabindex=\"0\" aria-controls=\"elementor-tab-content-1771\" aria-expanded=\"false\">S\u00e3o Paulo<\/div>\n\t\t\t\t\t<div id=\"elementor-tab-content-1771\" class=\"elementor-tab-content elementor-clearfix\" data-tab=\"1\" role=\"tabpanel\" aria-labelledby=\"elementor-tab-title-1771\" tabindex=\"0\" hidden=\"false\"><h2>S\u00e3o Paulo<\/h2>\n<div class=\"difusao-web-content\">\n<div class=\"difusao-web-content-column-2\">\n<h3>S\u00e3o Paulo<\/h3>\n<p>Discover S\u00e3o Paulo, the vibrant Brazilian metropolis known for its cultural diversity and urban bustle. With two units in the city \u2013 one at Alameda Santos, 1940 \u2013 1st floor and another at Largo Padre P\u00e9ricles, 145 \u2013 3rd and 11th floors. We are conveniently located to meet your needs.<\/p>\n<p><b>Institutional:<\/b> <a href=\"mailto:ppc@ppc.com.br\" target=\"_blank\" rel=\"noopener\">ppc@ppc.com.br<\/a><\/p>\n<p><b>Business Development:<\/b> <a href=\"mailto:l.santos@ppc.com.br\" target=\"_blank\" rel=\"noopener\">l.santos@ppc.com.br<\/a><\/p>\n<p><b>Telephone:<\/b> <a href=\"tel:+551138831600\" target=\"_blank\" rel=\"noopener\">+ 55 11 3883-1600<\/a><\/p>\n<\/div>\n<\/div><\/div>\n\t\t\t\t\t\t\t\t\t<div class=\"elementor-tab-title elementor-tab-mobile-title\" aria-selected=\"false\" data-tab=\"2\" role=\"tab\" tabindex=\"-1\" aria-controls=\"elementor-tab-content-1772\" aria-expanded=\"false\">Ribeir\u00e3o Preto<\/div>\n\t\t\t\t\t<div id=\"elementor-tab-content-1772\" class=\"elementor-tab-content elementor-clearfix\" data-tab=\"2\" role=\"tabpanel\" aria-labelledby=\"elementor-tab-title-1772\" tabindex=\"0\" hidden=\"hidden\"><h2>Ribeir\u00e3o Preto<\/h2>\n<div class=\"difusao-web-content\">\n<div class=\"difusao-web-content-column-2\">\n<h3>Ribeir\u00e3o Preto<\/h3>\n<p>Explore the charming city of Ribeir\u00e3o Preto, a city located in the heart of the state of S\u00e3o Paulo, famous for its hospitality and economic development. Our office is strategically located at Av. Luiz Eduardo Toledo Prado, 870 Room 1,120, 11th floor, in Vila do Golfe. We are ready to serve you in this prosperous region.<\/p>\n<p><b>Institutional:<\/b> <a href=\"mailto:ppc@ppc.com.br\" target=\"_blank\" rel=\"noopener\">ppc@ppc.com.br<\/a><\/p>\n<p><b>Business Development:<\/b> <a href=\"mailto:l.santos@ppc.com.br\" target=\"_blank\" rel=\"noopener\">l.santos@ppc.com.br<\/a><\/p>\n<p><b>Telephone:<\/b> <a href=\"tel:+551639116149\" target=\"_blank\" rel=\"noopener\">+55 16 3911-6149<\/a> ou <a href=\"tel:+551138831600\" target=\"_blank\" rel=\"noopener\">+55 11 3883-1600<\/a><\/p>\n<\/div>\n<\/div><\/div>\n\t\t\t\t\t\t\t\t\t<div class=\"elementor-tab-title elementor-tab-mobile-title\" aria-selected=\"false\" data-tab=\"3\" role=\"tab\" tabindex=\"-1\" aria-controls=\"elementor-tab-content-1773\" aria-expanded=\"false\">Manaus<\/div>\n\t\t\t\t\t<div id=\"elementor-tab-content-1773\" class=\"elementor-tab-content elementor-clearfix\" data-tab=\"3\" role=\"tabpanel\" aria-labelledby=\"elementor-tab-title-1773\" tabindex=\"0\" hidden=\"hidden\"><h2>Manaus<\/h2>\n<div class=\"difusao-web-content\">\n<div class=\"difusao-web-content-column-2\">\n<h3>Manaus<\/h3>\n<p>Explore the lush city of Manaus, in the heart of the Amazon, full of natural beauty and unique culture. Our office is conveniently located at Rua Acre, 26, 1st floor. We are ready to meet your needs in this vibrant and dynamic region.<\/p>\n<p><b>Institutional:<\/b> <a href=\"mailto:ppc@ppc.com.br\" target=\"_blank\" rel=\"noopener\">ppc@ppc.com.br<\/a><\/p>\n<p><b>Business Development:<\/b> <a href=\"mailto:l.santos@ppc.com.br\" target=\"_blank\" rel=\"noopener\">l.santos@ppc.com.br<\/a><\/p>\n<p><b>Telephone:<\/b> <a href=\"tel:+559241020164\" target=\"_blank\" rel=\"noopener\">+55 92 4102-0164<\/a> ou <a href=\"tel:+551138831600\" target=\"_blank\" rel=\"noopener\">+55 11 3883-1600<\/a><\/p>\n<\/div>\n<\/div><\/div>\n\t\t\t\t\t\t\t\t\t<div class=\"elementor-tab-title elementor-tab-mobile-title\" aria-selected=\"false\" data-tab=\"4\" role=\"tab\" tabindex=\"-1\" aria-controls=\"elementor-tab-content-1774\" aria-expanded=\"false\">Rio de Janeiro<\/div>\n\t\t\t\t\t<div id=\"elementor-tab-content-1774\" class=\"elementor-tab-content elementor-clearfix\" data-tab=\"4\" role=\"tabpanel\" aria-labelledby=\"elementor-tab-title-1774\" tabindex=\"0\" hidden=\"hidden\"><h2>Rio de Janeiro<\/h2>\n<div class=\"difusao-web-content\">\n<div class=\"difusao-web-content-column-2\">\n<h3>Rio de Janeiro<\/h3>\n<p>Discover the stunning city of Rio de Janeiro, known for its iconic beaches and breathtaking landscapes. Our office is strategically located at Rua S\u00e3o Jos\u00e9, 20, 8th floor. We are ready to meet your needs in this captivating destination.<\/p>\n<p><b>Institutional:<\/b> <a href=\"mailto:ppc@ppc.com.br\" target=\"_blank\" rel=\"noopener\">ppc@ppc.com.br<\/a><\/p>\n<p><b>Business Development:<\/b> <a href=\"mailto:l.santos@ppc.com.br\" target=\"_blank\" rel=\"noopener\">l.santos@ppc.com.br<\/a><\/p>\n<p><b>Telephone:<\/b> <a href=\"tel:+552131739932\" target=\"_blank\" rel=\"noopener\">+55 21 3173-9932<\/a> ou <a href=\"tel:+551138831600\" target=\"_blank\" rel=\"noopener\">+55 11 3883-1600<\/a><\/p>\n<\/div>\n<\/div><\/div>\n\t\t\t\t\t\t\t\t\t<div class=\"elementor-tab-title elementor-tab-mobile-title\" aria-selected=\"false\" data-tab=\"5\" role=\"tab\" tabindex=\"-1\" aria-controls=\"elementor-tab-content-1775\" aria-expanded=\"false\">Vit\u00f3ria<\/div>\n\t\t\t\t\t<div id=\"elementor-tab-content-1775\" class=\"elementor-tab-content elementor-clearfix\" data-tab=\"5\" role=\"tabpanel\" aria-labelledby=\"elementor-tab-title-1775\" tabindex=\"0\" hidden=\"hidden\"><h2>Vit\u00f3ria<\/h2>\n<div class=\"difusao-web-content\">\n<div class=\"difusao-web-content-column-2\">\n<h3>Vit\u00f3ria<\/h3>\n<p>Explore the charming city of Vit\u00f3ria, capital of the state of Esp\u00edrito Santo, known for its beautiful beaches and tropical climate. Our office is strategically located at Av. Nossa Senhora dos Navegantes, 451, 19th floor \u2013 Enseada do Su\u00e1 \u2013 Petro Tower Building. We are ready to meet your needs in this uniquely beautiful location.<\/p>\n<p><b>Institutional:<\/b> <a href=\"mailto:ppc@ppc.com.br\" target=\"_blank\" rel=\"noopener\">ppc@ppc.com.br<\/a><\/p>\n<p><b>Business Development:<\/b> <a href=\"mailto:l.santos@ppc.com.br\" target=\"_blank\" rel=\"noopener\">l.santos@ppc.com.br<\/a><\/p>\n<p><b>Telephone:<\/b> <a href=\"tel:+552732073370\" target=\"_blank\" rel=\"noopener\">+55 27 3207-3370<\/a> ou <a href=\"tel:+551138831600\" target=\"_blank\" rel=\"noopener\">+55 11 3883-1600<\/a><\/p>\n<\/div>\n<\/div><\/div>\n\t\t\t\t\t\t\t<\/div>\n\t\t<\/div>\n\t\t\t\t\t\t<\/div>\n\t\t\t\t<\/div>\n\t\t\t\t<div class=\"elementor-element elementor-element-67c3bf4 elementor-absolute elementor-widget elementor-widget-image\" data-id=\"67c3bf4\" data-element_type=\"widget\" data-settings=\"{&quot;_position&quot;:&quot;absolute&quot;}\" data-widget_type=\"image.default\">\n\t\t\t\t<div class=\"elementor-widget-container\">\n\t\t\t\t\t\t\t\t\t\t\t\t\t\t\t<img fetchpriority=\"high\" decoding=\"async\" width=\"695\" height=\"457\" src=\"https:\/\/ppc.com.br\/wp-content\/uploads\/2023\/11\/Contato-Map-and-Pin.png\" class=\"attachment-medium_large size-medium_large wp-image-18331\" alt=\"\" srcset=\"https:\/\/ppc.com.br\/wp-content\/uploads\/2023\/11\/Contato-Map-and-Pin.png 695w, https:\/\/ppc.com.br\/wp-content\/uploads\/2023\/11\/Contato-Map-and-Pin-300x197.png 300w\" sizes=\"(max-width: 695px) 100vw, 695px\" \/>\t\t\t\t\t\t\t\t\t\t\t\t\t\t\t<\/div>\n\t\t\t\t<\/div>\n\t\t\t\t<div class=\"elementor-element elementor-element-e340996 elementor-widget elementor-widget-image\" data-id=\"e340996\" data-element_type=\"widget\" data-widget_type=\"image.default\">\n\t\t\t\t<div class=\"elementor-widget-container\">\n\t\t\t\t\t\t\t\t\t\t\t\t\t\t\t<img decoding=\"async\" width=\"139\" height=\"181\" src=\"https:\/\/ppc.com.br\/wp-content\/uploads\/2023\/11\/Contato-Pin-Icon.png\" class=\"attachment-large size-large wp-image-18334\" alt=\"\" \/>\t\t\t\t\t\t\t\t\t\t\t\t\t\t\t<\/div>\n\t\t\t\t<\/div>\n\t\t\t\t<\/div>\n\t\t\t\t<\/div>\n\t\t","protected":false},"excerpt":{"rendered":"<p>S\u00e3o Paulo Ribeir\u00e3o Preto Manaus Rio de Janeiro Vit\u00f3ria S\u00e3o Paulo S\u00e3o Paulo S\u00e3o Paulo Discover S\u00e3o Paulo, the vibrant Brazilian metropolis known for its cultural diversity and urban bustle. With two units in the city \u2013 one at Alameda Santos, 1940 \u2013 1st floor and another at Largo Padre P\u00e9ricles, 145 \u2013 3rd and [&hellip;]<\/p>\n","protected":false},"author":1,"featured_media":0,"parent":0,"menu_order":0,"comment_status":"closed","ping_status":"closed","template":"","meta":{"_acf_changed":false,"footnotes":""},"class_list":["post-19355","page","type-page","status-publish","hentry"],"acf":[],"yoast_head":"<!-- This site is optimized with the Yoast SEO plugin v26.7 - https:\/\/yoast.com\/wordpress\/plugins\/seo\/ -->\n<title>Contact - PP&amp;C<\/title>\n<meta name=\"robots\" content=\"index, follow, max-snippet:-1, max-image-preview:large, max-video-preview:-1\" \/>\n<link rel=\"canonical\" href=\"https:\/\/ppc.com.br\/contato\/\" \/>\n<meta property=\"og:locale\" content=\"en_US\" \/>\n<meta property=\"og:type\" content=\"article\" \/>\n<meta property=\"og:title\" content=\"Contact - PP&amp;C\" \/>\n<meta property=\"og:description\" content=\"S\u00e3o Paulo Ribeir\u00e3o Preto Manaus Rio de Janeiro Vit\u00f3ria S\u00e3o Paulo S\u00e3o Paulo S\u00e3o Paulo Discover S\u00e3o Paulo, the vibrant Brazilian metropolis known for its cultural diversity and urban bustle. With two units in the city \u2013 one at Alameda Santos, 1940 \u2013 1st floor and another at Largo Padre P\u00e9ricles, 145 \u2013 3rd and [&hellip;]\" \/>\n<meta property=\"og:url\" content=\"https:\/\/ppc.com.br\/contato\/\" \/>\n<meta property=\"og:site_name\" content=\"PP&amp;C\" \/>\n<meta property=\"article:modified_time\" content=\"2024-06-07T21:17:03+00:00\" \/>\n<meta property=\"og:image\" content=\"https:\/\/ppc.com.br\/wp-content\/uploads\/2023\/11\/Contato-Map-and-Pin.png\" \/>\n<meta name=\"twitter:card\" content=\"summary_large_image\" \/>\n<meta name=\"twitter:label1\" content=\"Est. reading time\" \/>\n\t<meta name=\"twitter:data1\" content=\"3 minutes\" \/>\n<script type=\"application\/ld+json\" class=\"yoast-schema-graph\">{\"@context\":\"https:\/\/schema.org\",\"@graph\":[{\"@type\":\"WebPage\",\"@id\":\"https:\/\/ppc.com.br\/contato\/\",\"url\":\"https:\/\/ppc.com.br\/contato\/\",\"name\":\"Contact - PP&amp;C\",\"isPartOf\":{\"@id\":\"https:\/\/ppc.com.br\/#website\"},\"primaryImageOfPage\":{\"@id\":\"https:\/\/ppc.com.br\/contato\/#primaryimage\"},\"image\":{\"@id\":\"https:\/\/ppc.com.br\/contato\/#primaryimage\"},\"thumbnailUrl\":\"https:\/\/ppc.com.br\/wp-content\/uploads\/2023\/11\/Contato-Map-and-Pin.png\",\"datePublished\":\"2022-07-01T19:30:55+00:00\",\"dateModified\":\"2024-06-07T21:17:03+00:00\",\"breadcrumb\":{\"@id\":\"https:\/\/ppc.com.br\/contato\/#breadcrumb\"},\"inLanguage\":\"en-US\",\"potentialAction\":[{\"@type\":\"ReadAction\",\"target\":[\"https:\/\/ppc.com.br\/contato\/\"]}]},{\"@type\":\"ImageObject\",\"inLanguage\":\"en-US\",\"@id\":\"https:\/\/ppc.com.br\/contato\/#primaryimage\",\"url\":\"https:\/\/ppc.com.br\/wp-content\/uploads\/2023\/11\/Contato-Map-and-Pin.png\",\"contentUrl\":\"https:\/\/ppc.com.br\/wp-content\/uploads\/2023\/11\/Contato-Map-and-Pin.png\"},{\"@type\":\"BreadcrumbList\",\"@id\":\"https:\/\/ppc.com.br\/contato\/#breadcrumb\",\"itemListElement\":[{\"@type\":\"ListItem\",\"position\":1,\"name\":\"In\u00edcio\",\"item\":\"https:\/\/ppc.com.br\/en\/\"},{\"@type\":\"ListItem\",\"position\":2,\"name\":\"Contact\"}]},{\"@type\":\"WebSite\",\"@id\":\"https:\/\/ppc.com.br\/#website\",\"url\":\"https:\/\/ppc.com.br\/\",\"name\":\"PP&amp;C\",\"description\":\"Auditores Independentes\",\"publisher\":{\"@id\":\"https:\/\/ppc.com.br\/#organization\"},\"potentialAction\":[{\"@type\":\"SearchAction\",\"target\":{\"@type\":\"EntryPoint\",\"urlTemplate\":\"https:\/\/ppc.com.br\/?s={search_term_string}\"},\"query-input\":{\"@type\":\"PropertyValueSpecification\",\"valueRequired\":true,\"valueName\":\"search_term_string\"}}],\"inLanguage\":\"en-US\"},{\"@type\":\"Organization\",\"@id\":\"https:\/\/ppc.com.br\/#organization\",\"name\":\"PP&amp;C\",\"url\":\"https:\/\/ppc.com.br\/\",\"logo\":{\"@type\":\"ImageObject\",\"inLanguage\":\"en-US\",\"@id\":\"https:\/\/ppc.com.br\/#\/schema\/logo\/image\/\",\"url\":\"https:\/\/ppc.com.br\/wp-content\/uploads\/2017\/06\/logo.png\",\"contentUrl\":\"https:\/\/ppc.com.br\/wp-content\/uploads\/2017\/06\/logo.png\",\"width\":155,\"height\":64,\"caption\":\"PP&amp;C\"},\"image\":{\"@id\":\"https:\/\/ppc.com.br\/#\/schema\/logo\/image\/\"}}]}<\/script>\n<!-- \/ Yoast SEO plugin. -->","yoast_head_json":{"title":"Contact - PP&amp;C","robots":{"index":"index","follow":"follow","max-snippet":"max-snippet:-1","max-image-preview":"max-image-preview:large","max-video-preview":"max-video-preview:-1"},"canonical":"https:\/\/ppc.com.br\/contato\/","og_locale":"en_US","og_type":"article","og_title":"Contact - PP&amp;C","og_description":"S\u00e3o Paulo Ribeir\u00e3o Preto Manaus Rio de Janeiro Vit\u00f3ria S\u00e3o Paulo S\u00e3o Paulo S\u00e3o Paulo Discover S\u00e3o Paulo, the vibrant Brazilian metropolis known for its cultural diversity and urban bustle. With two units in the city \u2013 one at Alameda Santos, 1940 \u2013 1st floor and another at Largo Padre P\u00e9ricles, 145 \u2013 3rd and [&hellip;]","og_url":"https:\/\/ppc.com.br\/contato\/","og_site_name":"PP&amp;C","article_modified_time":"2024-06-07T21:17:03+00:00","og_image":[{"url":"https:\/\/ppc.com.br\/wp-content\/uploads\/2023\/11\/Contato-Map-and-Pin.png","type":"","width":"","height":""}],"twitter_card":"summary_large_image","twitter_misc":{"Est. reading time":"3 minutes"},"schema":{"@context":"https:\/\/schema.org","@graph":[{"@type":"WebPage","@id":"https:\/\/ppc.com.br\/contato\/","url":"https:\/\/ppc.com.br\/contato\/","name":"Contact - PP&amp;C","isPartOf":{"@id":"https:\/\/ppc.com.br\/#website"},"primaryImageOfPage":{"@id":"https:\/\/ppc.com.br\/contato\/#primaryimage"},"image":{"@id":"https:\/\/ppc.com.br\/contato\/#primaryimage"},"thumbnailUrl":"https:\/\/ppc.com.br\/wp-content\/uploads\/2023\/11\/Contato-Map-and-Pin.png","datePublished":"2022-07-01T19:30:55+00:00","dateModified":"2024-06-07T21:17:03+00:00","breadcrumb":{"@id":"https:\/\/ppc.com.br\/contato\/#breadcrumb"},"inLanguage":"en-US","potentialAction":[{"@type":"ReadAction","target":["https:\/\/ppc.com.br\/contato\/"]}]},{"@type":"ImageObject","inLanguage":"en-US","@id":"https:\/\/ppc.com.br\/contato\/#primaryimage","url":"https:\/\/ppc.com.br\/wp-content\/uploads\/2023\/11\/Contato-Map-and-Pin.png","contentUrl":"https:\/\/ppc.com.br\/wp-content\/uploads\/2023\/11\/Contato-Map-and-Pin.png"},{"@type":"BreadcrumbList","@id":"https:\/\/ppc.com.br\/contato\/#breadcrumb","itemListElement":[{"@type":"ListItem","position":1,"name":"In\u00edcio","item":"https:\/\/ppc.com.br\/en\/"},{"@type":"ListItem","position":2,"name":"Contact"}]},{"@type":"WebSite","@id":"https:\/\/ppc.com.br\/#website","url":"https:\/\/ppc.com.br\/","name":"PP&amp;C","description":"Auditores Independentes","publisher":{"@id":"https:\/\/ppc.com.br\/#organization"},"potentialAction":[{"@type":"SearchAction","target":{"@type":"EntryPoint","urlTemplate":"https:\/\/ppc.com.br\/?s={search_term_string}"},"query-input":{"@type":"PropertyValueSpecification","valueRequired":true,"valueName":"search_term_string"}}],"inLanguage":"en-US"},{"@type":"Organization","@id":"https:\/\/ppc.com.br\/#organization","name":"PP&amp;C","url":"https:\/\/ppc.com.br\/","logo":{"@type":"ImageObject","inLanguage":"en-US","@id":"https:\/\/ppc.com.br\/#\/schema\/logo\/image\/","url":"https:\/\/ppc.com.br\/wp-content\/uploads\/2017\/06\/logo.png","contentUrl":"https:\/\/ppc.com.br\/wp-content\/uploads\/2017\/06\/logo.png","width":155,"height":64,"caption":"PP&amp;C"},"image":{"@id":"https:\/\/ppc.com.br\/#\/schema\/logo\/image\/"}}]}},"_links":{"self":[{"href":"https:\/\/ppc.com.br\/en\/wp-json\/wp\/v2\/pages\/19355","targetHints":{"allow":["GET"]}}],"collection":[{"href":"https:\/\/ppc.com.br\/en\/wp-json\/wp\/v2\/pages"}],"about":[{"href":"https:\/\/ppc.com.br\/en\/wp-json\/wp\/v2\/types\/page"}],"author":[{"embeddable":true,"href":"https:\/\/ppc.com.br\/en\/wp-json\/wp\/v2\/users\/1"}],"replies":[{"embeddable":true,"href":"https:\/\/ppc.com.br\/en\/wp-json\/wp\/v2\/comments?post=19355"}],"version-history":[{"count":6,"href":"https:\/\/ppc.com.br\/en\/wp-json\/wp\/v2\/pages\/19355\/revisions"}],"predecessor-version":[{"id":19363,"href":"https:\/\/ppc.com.br\/en\/wp-json\/wp\/v2\/pages\/19355\/revisions\/19363"}],"wp:attachment":[{"href":"https:\/\/ppc.com.br\/en\/wp-json\/wp\/v2\/media?parent=19355"}],"curies":[{"name":"wp","href":"https:\/\/api.w.org\/{rel}","templated":true}]}}