{"id":2162,"date":"2020-04-02T16:02:15","date_gmt":"2020-04-02T19:02:15","guid":{"rendered":"https:\/\/bristle-receptive-scourge.blogs.rockstage.io\/?page_id=2162"},"modified":"2021-07-08T09:57:17","modified_gmt":"2021-07-08T12:57:17","slug":"pdf-covid-19","status":"publish","type":"page","link":"https:\/\/ppc.com.br\/en\/pdf-covid-19\/","title":{"rendered":"Gerenciando a emerg\u00eancia do Covid-19"},"content":{"rendered":"<style type=\"text\/css\">@media only screen and (min-width: 1000px) and (max-width: 5000px){body.kc-css-system .kc-css-2051521{width: 33.79%;}body.kc-css-system .kc-css-3541487{width: 34.7%;}body.kc-css-system .kc-css-1614600{width: 31.45%;}}body.kc-css-system .kc-css-658972 .kc-container{max-width: 70%;}body.kc-css-system .kc-css-3261505.kc_title,body.kc-css-system .kc-css-3261505 .kc_title,body.kc-css-system .kc-css-3261505 .kc_title a.kc_title_link{text-align: center;}body.kc-css-system .kc-css-53725 a{color: #ffffff;background: #2292b4;}body.kc-css-system .kc-css-665081.kc_title,body.kc-css-system .kc-css-665081 .kc_title,body.kc-css-system .kc-css-665081 .kc_title a.kc_title_link{text-align: center;}body.kc-css-system .kc-css-2051521{;}body.kc-css-system .kc-css-3541487{;}body.kc-css-system .kc-css-1614600{;}<\/style>\n<section class=\"kc-elm kc-css-658972 kc_row\">\n<div class=\"kc-row-container  kc-container\">\n<div class=\"kc-wrap-columns\">\n<div class=\"kc-elm kc-css-4200461 kc_col-sm-12 kc_column kc_col-sm-12\">\n<div class=\"kc-col-container\">\n<div class=\"kc-elm kc-css-2039074\" style=\"height: 30px; clear: both; width:100%;\"><\/div>\n<div class=\"kc-elm kc-css-3261505 kc-title-wrap \">\n<h3 class=\"kc_title section-title center\">Preencha o formul\u00e1rio e baixe o PDF.<\/h3>\n<\/div>\n<div class=\"kc-elm kc-css-53725 kc-pro-button kc-button-1\">\n\t<a href=\"#\"><br \/>\n\t\t<span class=\"creative_title\">Acesse a declara\u00e7\u00e3o de privacidade na \u00edntegra<\/span> <span class=\"creative_icon creative_icon_right\"> <i class=\"fa-file-alt\"><\/i> <\/span>\t<\/a>\n<\/div>\n<\/div>\n<\/div>\n<\/div>\n<\/div>\n<\/section>\n<section class=\"kc-elm kc-css-1081479 kc_row\">\n<div class=\"kc-row-container  kc-container\">\n<div class=\"kc-wrap-columns\">\n<div class=\"kc-elm kc-css-1183501 kc_col-sm-12 kc_column kc_col-sm-12\">\n<div class=\"kc-col-container\">\n<div class=\"kc-elm kc-css-1392451\" style=\"height: 30px; clear: both; width:100%;\"><\/div>\n<div class=\"kc-elm kc-css-665081 kc-title-wrap \">\n<h3 class=\"kc_title section-title center\">Preencha o formul\u00e1rio e baixe o PDF.<\/h3>\n<\/div>\n<\/div>\n<\/div>\n<\/div>\n<\/div>\n<\/section>\n<section data-kc-equalheight=\"true\" data-kc-equalheight-align=\"middle\" class=\"kc-elm kc-css-1036012 kc_row\">\n<div class=\"kc-row-container  kc-container\">\n<div class=\"kc-wrap-columns\">\n<div class=\"kc-elm kc-css-2051521 kc_col-sm-4 kc_column kc_col-sm-4\">\n<div class=\"kc-col-container\"><\/div>\n<\/div>\n<div class=\"kc-elm kc-css-3541487 kc_col-sm-4 kc_column kc_col-sm-4\">\n<div class=\"kc-col-container\">\n<div class=\"kc-elm kc-css-2896289 kc-raw-code\">\n<div role=\"form\" class=\"wpcf7\" id=\"wpcf7-f2171-o3\" lang=\"pt-BR\" dir=\"ltr\">\n<div class=\"screen-reader-response\"><\/div>\n<form action=\"\/wp-admin\/post.php#wpcf7-f2171-o3\" method=\"post\" class=\"wpcf7-form\" novalidate=\"novalidate\">\n<label class=\"ebd_input\"><input type=\"hidden\" name=\"ebd_downloads[]\" value=\"2187|Clique aqui para Baixar\"> <\/label><input type=\"hidden\" class=\"ebd_setting\" name=\"ebd_settings[]\" value=\"title|Clique aqui para Baixar\"><input type=\"hidden\" class=\"ebd_setting\" name=\"ebd_settings[]\" value=\"checked|no\"><input type=\"hidden\" class=\"ebd_setting\" name=\"ebd_settings[]\" value=\"hide_form|yes\"><input type=\"hidden\" class=\"ebd_setting\" name=\"ebd_settings[]\" value=\"radio|no\"><input type=\"hidden\" class=\"ebd_setting\" name=\"ebd_settings[]\" value=\"from_name| \"><input type=\"hidden\" class=\"ebd_setting\" name=\"ebd_settings[]\" value=\"item_id|4\"><input type=\"hidden\" class=\"ebd_setting\" name=\"ebd_settings[]\" value=\"form_id|wpcf7-f2171-o3\"><\/p>\n<div style=\"display: none;\">\n<input type=\"hidden\" name=\"_wpcf7\" value=\"2171\"><br \/>\n<input type=\"hidden\" name=\"_wpcf7_version\" value=\"5.1.7\"><br \/>\n<input type=\"hidden\" name=\"_wpcf7_locale\" value=\"pt_BR\"><br \/>\n<input type=\"hidden\" name=\"_wpcf7_unit_tag\" value=\"wpcf7-f2171-o3\"><br \/>\n<input type=\"hidden\" name=\"_wpcf7_container_post\" value=\"0\"><br \/>\n<input type=\"hidden\" name=\"g-recaptcha-response\" value=\"\">\n<\/div>\n<p>\n<label>Nome: <span class=\"wpcf7-form-control-wrap nome\"><input type=\"text\" name=\"nome\" value=\"\" size=\"40\" class=\"wpcf7-form-control wpcf7-text wpcf7-validates-as-required\" aria-required=\"true\" aria-invalid=\"false\"><\/span><\/label><\/p>\n<p><label>E-mail:<span class=\"wpcf7-form-control-wrap e-mail\"><input type=\"email\" name=\"e-mail\" value=\"\" size=\"40\" class=\"wpcf7-form-control wpcf7-text wpcf7-email wpcf7-validates-as-required wpcf7-validates-as-email\" aria-required=\"true\" aria-invalid=\"false\"><\/span><\/label><\/p>\n<p><label>Empresa: <span class=\"wpcf7-form-control-wrap empresa\"><input type=\"text\" name=\"empresa\" value=\"\" size=\"40\" class=\"wpcf7-form-control wpcf7-text\" aria-invalid=\"false\"><\/span><\/label><\/p>\n<p><label>Cargo: <span class=\"wpcf7-form-control-wrap cargo\"><input type=\"text\" name=\"cargo\" value=\"\" size=\"40\" class=\"wpcf7-form-control wpcf7-text\" aria-invalid=\"false\"><\/span><\/label><\/p>\n<p><label>Telefone: <span class=\"wpcf7-form-control-wrap telefone\"><input type=\"tel\" name=\"telefone\" value=\"\" size=\"40\" class=\"wpcf7-form-control wpcf7-text wpcf7-tel wpcf7-validates-as-required wpcf7-validates-as-tel\" aria-required=\"true\" aria-invalid=\"false\"><\/span><\/label><\/p>\n<p><input type=\"submit\" value=\"Enviar\" class=\"wpcf7-form-control wpcf7-submit\"><\/p>\n<div class=\"wpcf7-response-output wpcf7-display-none\"><\/div>\n<p><script> var wpcf7f2171o3selectors = \"div#wpcf7-f2171-o3 > form > .ebd_input > input\";<\/p>\n<p>        jQuery( wpcf7f2171o3selectors ).on( \"click\", function () {\n            var wpcf7f2171o3n = jQuery( wpcf7f2171o3selectors+\":checked\" ).length;<\/p>\n<p>            if(wpcf7f2171o3n > 0) jQuery(\"div#wpcf7-f2171-o3 form \").children().not('.ebd_input').not('.wpcf7-response-output').show();\n            else jQuery(\"div#wpcf7-f2171-o3 form \").children().not('.ebd_input').not('.wpcf7-response-output').hide();\n        } );    jQuery('.wpcf7-response-output').hide();\n<\/script><br \/>\n<\/form>\n<\/div>\n<\/div>\n<\/div>\n<\/div>\n<div class=\"kc-elm kc-css-1614600 kc_col-sm-4 kc_column kc_col-sm-4\">\n<div class=\"kc-col-container\"><\/div>\n<\/div>\n<\/div>\n<\/div>\n<\/section>\n<section class=\"kc-elm kc-css-2201889 kc_row\">\n<div class=\"kc-row-container  kc-container\">\n<div class=\"kc-wrap-columns\">\n<div class=\"kc-elm kc-css-2379724 kc_col-sm-12 kc_column kc_col-sm-12\">\n<div class=\"kc-col-container\">\n<div class=\"kc-elm kc-css-4263519\" style=\"height: 79px; clear: both; width:100%;\"><\/div>\n<\/div>\n<\/div>\n<\/div>\n<\/div>\n<\/section>\n<p>[:es]<\/p>\n<section class=\"kc-elm kc-css-3258083 kc_row\">\n<div class=\"kc-row-container  kc-container\">\n<div class=\"kc-wrap-columns\">\n<div class=\"kc-elm kc-css-2150572 kc_col-sm-12 kc_column kc_col-sm-12\">\n<div class=\"kc-col-container\">\n<div class=\"default-form-area\">\n<div class=\"section-title\">\n<h3>Preencha o formul\u00e1rio e baixe o E-book.<\/h3>\n<\/p><\/div>\n<div id=\"contact_form\" class=\"default-form service-form\">\n\t\t\t<\/div>\n<\/div>\n<div class=\"kc-elm kc-css-1474216 kc-raw-code\">\n<div role=\"form\" class=\"wpcf7\" id=\"wpcf7-f1733-o4\" lang=\"pt-BR\" dir=\"ltr\">\n<div class=\"screen-reader-response\"><\/div>\n<form action=\"\/wp-admin\/post.php#wpcf7-f1733-o4\" method=\"post\" class=\"wpcf7-form\" novalidate=\"novalidate\">\n<label class=\"ebd_input\"><input type=\"hidden\" name=\"ebd_downloads[]\" value=\"1736|Clique aqui para baixar\"> <\/label><input type=\"hidden\" class=\"ebd_setting\" name=\"ebd_settings[]\" value=\"title|Clique aqui para baixar\"><input type=\"hidden\" class=\"ebd_setting\" name=\"ebd_settings[]\" value=\"checked|no\"><input type=\"hidden\" class=\"ebd_setting\" name=\"ebd_settings[]\" value=\"hide_form|yes\"><input type=\"hidden\" class=\"ebd_setting\" name=\"ebd_settings[]\" value=\"radio|no\"><input type=\"hidden\" class=\"ebd_setting\" name=\"ebd_settings[]\" value=\"from_name| \"><input type=\"hidden\" class=\"ebd_setting\" name=\"ebd_settings[]\" value=\"item_id|3\"><input type=\"hidden\" class=\"ebd_setting\" name=\"ebd_settings[]\" value=\"form_id|wpcf7-f1733-o4\"><\/p>\n<div style=\"display: none;\">\n<input type=\"hidden\" name=\"_wpcf7\" value=\"1733\"><br \/>\n<input type=\"hidden\" name=\"_wpcf7_version\" value=\"5.1.7\"><br \/>\n<input type=\"hidden\" name=\"_wpcf7_locale\" value=\"pt_BR\"><br \/>\n<input type=\"hidden\" name=\"_wpcf7_unit_tag\" value=\"wpcf7-f1733-o4\"><br \/>\n<input type=\"hidden\" name=\"_wpcf7_container_post\" value=\"0\"><br \/>\n<input type=\"hidden\" name=\"g-recaptcha-response\" value=\"\">\n<\/div>\n<p>\n<label>Nome: <span class=\"wpcf7-form-control-wrap nome\"><input type=\"text\" name=\"nome\" value=\"\" size=\"40\" class=\"wpcf7-form-control wpcf7-text wpcf7-validates-as-required\" aria-required=\"true\" aria-invalid=\"false\"><\/span><\/label><\/p>\n<p><label>E-mail:<span class=\"wpcf7-form-control-wrap e-mail\"><input type=\"email\" name=\"e-mail\" value=\"\" size=\"40\" class=\"wpcf7-form-control wpcf7-text wpcf7-email wpcf7-validates-as-required wpcf7-validates-as-email\" aria-required=\"true\" aria-invalid=\"false\"><\/span><\/label><\/p>\n<p><label>Empresa: <span class=\"wpcf7-form-control-wrap empresa\"><input type=\"text\" name=\"empresa\" value=\"\" size=\"40\" class=\"wpcf7-form-control wpcf7-text\" aria-invalid=\"false\"><\/span><\/label><\/p>\n<p><label>Cargo: <span class=\"wpcf7-form-control-wrap cargo\"><input type=\"text\" name=\"cargo\" value=\"\" size=\"40\" class=\"wpcf7-form-control wpcf7-text\" aria-invalid=\"false\"><\/span><\/label><\/p>\n<p><label>Telefone: <span class=\"wpcf7-form-control-wrap telefone\"><input type=\"tel\" name=\"telefone\" value=\"\" size=\"40\" class=\"wpcf7-form-control wpcf7-text wpcf7-tel wpcf7-validates-as-required wpcf7-validates-as-tel\" aria-required=\"true\" aria-invalid=\"false\"><\/span><\/label><\/p>\n<p><input type=\"submit\" value=\"Enviar\" class=\"wpcf7-form-control wpcf7-submit\"><\/p>\n<div class=\"wpcf7-response-output wpcf7-display-none\"><\/div>\n<p><script> var wpcf7f1733o4selectors = \"div#wpcf7-f1733-o4 > form > .ebd_input > input\";<\/p>\n<p>        jQuery( wpcf7f1733o4selectors ).on( \"click\", function () {\n            var wpcf7f1733o4n = jQuery( wpcf7f1733o4selectors+\":checked\" ).length;<\/p>\n<p>            if(wpcf7f1733o4n > 0) jQuery(\"div#wpcf7-f1733-o4 form \").children().not('.ebd_input').not('.wpcf7-response-output').show();\n            else jQuery(\"div#wpcf7-f1733-o4 form \").children().not('.ebd_input').not('.wpcf7-response-output').hide();\n        } );    jQuery('.wpcf7-response-output').hide();\n<\/script><br \/>\n<\/form>\n<\/div>\n<\/div>\n<\/div>\n<\/div>\n<\/div>\n<\/div>\n<\/section>\n<section class=\"kc-elm kc-css-2378429 kc_row\">\n<div class=\"kc-row-container  kc-container\">\n<div class=\"kc-wrap-columns\">\n<div class=\"kc-elm kc-css-2037307 kc_col-sm-12 kc_column kc_col-sm-12\">\n<div class=\"kc-col-container\">\n<div class=\"kc-elm kc-css-923733\" style=\"height: 51px; clear: both; width:100%;\"><\/div>\n<\/div>\n<\/div>\n<\/div>\n<\/div>\n<\/section>\n","protected":false},"excerpt":{"rendered":"<p>Preencha o formul\u00e1rio e baixe o PDF. Acesse a declara\u00e7\u00e3o de privacidade na \u00edntegra Preencha o formul\u00e1rio e baixe o PDF. Nome: E-mail: Empresa: Cargo: Telefone: [:es] Preencha o formul\u00e1rio e baixe o E-book. Nome: E-mail: Empresa: Cargo: Telefone:<\/p>\n","protected":false},"author":1,"featured_media":0,"parent":0,"menu_order":0,"comment_status":"closed","ping_status":"closed","template":"tpl-king_composer.php","meta":{"_acf_changed":false,"footnotes":""},"class_list":["post-2162","page","type-page","status-publish","hentry"],"acf":[],"yoast_head":"<!-- This site is optimized with the Yoast SEO plugin v26.7 - https:\/\/yoast.com\/wordpress\/plugins\/seo\/ -->\n<title>Gerenciando a emerg\u00eancia do Covid-19 - PP&amp;C<\/title>\n<meta name=\"robots\" content=\"index, follow, max-snippet:-1, max-image-preview:large, max-video-preview:-1\" \/>\n<link rel=\"canonical\" href=\"https:\/\/ppc.com.br\/pdf-covid-19\/\" \/>\n<meta property=\"og:locale\" content=\"en_US\" \/>\n<meta property=\"og:type\" content=\"article\" \/>\n<meta property=\"og:title\" content=\"Gerenciando a emerg\u00eancia do Covid-19 - PP&amp;C\" \/>\n<meta property=\"og:description\" content=\"Preencha o formul\u00e1rio e baixe o PDF. Acesse a declara\u00e7\u00e3o de privacidade na \u00edntegra Preencha o formul\u00e1rio e baixe o PDF. Nome: E-mail: Empresa: Cargo: Telefone: [:es] Preencha o formul\u00e1rio e baixe o E-book. Nome: E-mail: Empresa: Cargo: Telefone:\" \/>\n<meta property=\"og:url\" content=\"https:\/\/ppc.com.br\/pdf-covid-19\/\" \/>\n<meta property=\"og:site_name\" content=\"PP&amp;C\" \/>\n<meta property=\"article:modified_time\" content=\"2021-07-08T12:57:17+00:00\" \/>\n<meta name=\"twitter:card\" content=\"summary_large_image\" \/>\n<script type=\"application\/ld+json\" class=\"yoast-schema-graph\">{\"@context\":\"https:\/\/schema.org\",\"@graph\":[{\"@type\":\"WebPage\",\"@id\":\"https:\/\/ppc.com.br\/pdf-covid-19\/\",\"url\":\"https:\/\/ppc.com.br\/pdf-covid-19\/\",\"name\":\"Gerenciando a emerg\u00eancia do Covid-19 - PP&amp;C\",\"isPartOf\":{\"@id\":\"https:\/\/ppc.com.br\/#website\"},\"datePublished\":\"2020-04-02T19:02:15+00:00\",\"dateModified\":\"2021-07-08T12:57:17+00:00\",\"breadcrumb\":{\"@id\":\"https:\/\/ppc.com.br\/pdf-covid-19\/#breadcrumb\"},\"inLanguage\":\"en-US\",\"potentialAction\":[{\"@type\":\"ReadAction\",\"target\":[\"https:\/\/ppc.com.br\/pdf-covid-19\/\"]}]},{\"@type\":\"BreadcrumbList\",\"@id\":\"https:\/\/ppc.com.br\/pdf-covid-19\/#breadcrumb\",\"itemListElement\":[{\"@type\":\"ListItem\",\"position\":1,\"name\":\"In\u00edcio\",\"item\":\"https:\/\/ppc.com.br\/en\/\"},{\"@type\":\"ListItem\",\"position\":2,\"name\":\"Gerenciando a emerg\u00eancia do Covid-19\"}]},{\"@type\":\"WebSite\",\"@id\":\"https:\/\/ppc.com.br\/#website\",\"url\":\"https:\/\/ppc.com.br\/\",\"name\":\"PP&amp;C\",\"description\":\"Auditores Independentes\",\"publisher\":{\"@id\":\"https:\/\/ppc.com.br\/#organization\"},\"potentialAction\":[{\"@type\":\"SearchAction\",\"target\":{\"@type\":\"EntryPoint\",\"urlTemplate\":\"https:\/\/ppc.com.br\/?s={search_term_string}\"},\"query-input\":{\"@type\":\"PropertyValueSpecification\",\"valueRequired\":true,\"valueName\":\"search_term_string\"}}],\"inLanguage\":\"en-US\"},{\"@type\":\"Organization\",\"@id\":\"https:\/\/ppc.com.br\/#organization\",\"name\":\"PP&amp;C\",\"url\":\"https:\/\/ppc.com.br\/\",\"logo\":{\"@type\":\"ImageObject\",\"inLanguage\":\"en-US\",\"@id\":\"https:\/\/ppc.com.br\/#\/schema\/logo\/image\/\",\"url\":\"https:\/\/ppc.com.br\/wp-content\/uploads\/2017\/06\/logo.png\",\"contentUrl\":\"https:\/\/ppc.com.br\/wp-content\/uploads\/2017\/06\/logo.png\",\"width\":155,\"height\":64,\"caption\":\"PP&amp;C\"},\"image\":{\"@id\":\"https:\/\/ppc.com.br\/#\/schema\/logo\/image\/\"}}]}<\/script>\n<!-- \/ Yoast SEO plugin. -->","yoast_head_json":{"title":"Gerenciando a emerg\u00eancia do Covid-19 - PP&amp;C","robots":{"index":"index","follow":"follow","max-snippet":"max-snippet:-1","max-image-preview":"max-image-preview:large","max-video-preview":"max-video-preview:-1"},"canonical":"https:\/\/ppc.com.br\/pdf-covid-19\/","og_locale":"en_US","og_type":"article","og_title":"Gerenciando a emerg\u00eancia do Covid-19 - PP&amp;C","og_description":"Preencha o formul\u00e1rio e baixe o PDF. Acesse a declara\u00e7\u00e3o de privacidade na \u00edntegra Preencha o formul\u00e1rio e baixe o PDF. Nome: E-mail: Empresa: Cargo: Telefone: [:es] Preencha o formul\u00e1rio e baixe o E-book. Nome: E-mail: Empresa: Cargo: Telefone:","og_url":"https:\/\/ppc.com.br\/pdf-covid-19\/","og_site_name":"PP&amp;C","article_modified_time":"2021-07-08T12:57:17+00:00","twitter_card":"summary_large_image","schema":{"@context":"https:\/\/schema.org","@graph":[{"@type":"WebPage","@id":"https:\/\/ppc.com.br\/pdf-covid-19\/","url":"https:\/\/ppc.com.br\/pdf-covid-19\/","name":"Gerenciando a emerg\u00eancia do Covid-19 - PP&amp;C","isPartOf":{"@id":"https:\/\/ppc.com.br\/#website"},"datePublished":"2020-04-02T19:02:15+00:00","dateModified":"2021-07-08T12:57:17+00:00","breadcrumb":{"@id":"https:\/\/ppc.com.br\/pdf-covid-19\/#breadcrumb"},"inLanguage":"en-US","potentialAction":[{"@type":"ReadAction","target":["https:\/\/ppc.com.br\/pdf-covid-19\/"]}]},{"@type":"BreadcrumbList","@id":"https:\/\/ppc.com.br\/pdf-covid-19\/#breadcrumb","itemListElement":[{"@type":"ListItem","position":1,"name":"In\u00edcio","item":"https:\/\/ppc.com.br\/en\/"},{"@type":"ListItem","position":2,"name":"Gerenciando a emerg\u00eancia do Covid-19"}]},{"@type":"WebSite","@id":"https:\/\/ppc.com.br\/#website","url":"https:\/\/ppc.com.br\/","name":"PP&amp;C","description":"Auditores Independentes","publisher":{"@id":"https:\/\/ppc.com.br\/#organization"},"potentialAction":[{"@type":"SearchAction","target":{"@type":"EntryPoint","urlTemplate":"https:\/\/ppc.com.br\/?s={search_term_string}"},"query-input":{"@type":"PropertyValueSpecification","valueRequired":true,"valueName":"search_term_string"}}],"inLanguage":"en-US"},{"@type":"Organization","@id":"https:\/\/ppc.com.br\/#organization","name":"PP&amp;C","url":"https:\/\/ppc.com.br\/","logo":{"@type":"ImageObject","inLanguage":"en-US","@id":"https:\/\/ppc.com.br\/#\/schema\/logo\/image\/","url":"https:\/\/ppc.com.br\/wp-content\/uploads\/2017\/06\/logo.png","contentUrl":"https:\/\/ppc.com.br\/wp-content\/uploads\/2017\/06\/logo.png","width":155,"height":64,"caption":"PP&amp;C"},"image":{"@id":"https:\/\/ppc.com.br\/#\/schema\/logo\/image\/"}}]}},"_links":{"self":[{"href":"https:\/\/ppc.com.br\/en\/wp-json\/wp\/v2\/pages\/2162","targetHints":{"allow":["GET"]}}],"collection":[{"href":"https:\/\/ppc.com.br\/en\/wp-json\/wp\/v2\/pages"}],"about":[{"href":"https:\/\/ppc.com.br\/en\/wp-json\/wp\/v2\/types\/page"}],"author":[{"embeddable":true,"href":"https:\/\/ppc.com.br\/en\/wp-json\/wp\/v2\/users\/1"}],"replies":[{"embeddable":true,"href":"https:\/\/ppc.com.br\/en\/wp-json\/wp\/v2\/comments?post=2162"}],"version-history":[{"count":0,"href":"https:\/\/ppc.com.br\/en\/wp-json\/wp\/v2\/pages\/2162\/revisions"}],"wp:attachment":[{"href":"https:\/\/ppc.com.br\/en\/wp-json\/wp\/v2\/media?parent=2162"}],"curies":[{"name":"wp","href":"https:\/\/api.w.org\/{rel}","templated":true}]}}