{"id":2400,"date":"2020-07-23T15:54:58","date_gmt":"2020-07-23T18:54:58","guid":{"rendered":"https:\/\/bristle-receptive-scourge.blogs.rockstage.io\/?page_id=2400"},"modified":"2020-07-23T16:13:29","modified_gmt":"2020-07-23T19:13:29","slug":"controles-internos-em-tempo-de-home-office","status":"publish","type":"page","link":"https:\/\/ppc.com.br\/en\/controles-internos-em-tempo-de-home-office\/","title":{"rendered":"Controles internos em tempo de Home Office"},"content":{"rendered":"<style type=\"text\/css\">@media only screen and (min-width: 1000px) and (max-width: 5000px){body.kc-css-system .kc-css-3148351{width: 33.79%;}body.kc-css-system .kc-css-2930281{width: 34.7%;}body.kc-css-system .kc-css-3628759{width: 31.45%;}body.kc-css-system .kc-css-2439052{width: 33.79%;}body.kc-css-system .kc-css-2505662{width: 34.7%;}body.kc-css-system .kc-css-2435131{width: 31.45%;}}body.kc-css-system .kc-css-3133874.kc_title,body.kc-css-system .kc-css-3133874 .kc_title,body.kc-css-system .kc-css-3133874 .kc_title a.kc_title_link{text-align: center;}body.kc-css-system .kc-css-3148351{;}body.kc-css-system .kc-css-2930281{;}body.kc-css-system .kc-css-3628759{;}body.kc-css-system .kc-css-1041455.kc_title,body.kc-css-system .kc-css-1041455 .kc_title,body.kc-css-system .kc-css-1041455 .kc_title a.kc_title_link{text-align: center;}body.kc-css-system .kc-css-2439052{;}body.kc-css-system .kc-css-2505662{;}body.kc-css-system .kc-css-2435131{;}<\/style>\n<section class=\"kc-elm kc-css-3095485 kc_row\">\n<div class=\"kc-row-container  kc-container\">\n<div class=\"kc-wrap-columns\">\n<div class=\"kc-elm kc-css-1807969 kc_col-sm-12 kc_column kc_col-sm-12\">\n<div class=\"kc-col-container\">\n<div class=\"kc-elm kc-css-3419112\" style=\"height: 30px; clear: both; width:100%;\"><\/div>\n<div class=\"kc-elm kc-css-3133874 kc-title-wrap \">\n<h3 class=\"kc_title section-title center\">Preencha o formul\u00e1rio e baixe o PDF.<\/h3>\n<\/div>\n<\/div>\n<\/div>\n<\/div>\n<\/div>\n<\/section>\n<section data-kc-equalheight=\"true\" data-kc-equalheight-align=\"middle\" class=\"kc-elm kc-css-3564501 kc_row\">\n<div class=\"kc-row-container  kc-container\">\n<div class=\"kc-wrap-columns\">\n<div class=\"kc-elm kc-css-3148351 kc_col-sm-4 kc_column kc_col-sm-4\">\n<div class=\"kc-col-container\"><\/div>\n<\/div>\n<div class=\"kc-elm kc-css-2930281 kc_col-sm-4 kc_column kc_col-sm-4\">\n<div class=\"kc-col-container\">\n<div class=\"kc-elm kc-css-2612724 kc-raw-code\">\n<div role=\"form\" class=\"wpcf7\" id=\"wpcf7-f2402-o4\" lang=\"pt-BR\" dir=\"ltr\">\n<div class=\"screen-reader-response\"><\/div>\n<form action=\"\/wp-admin\/post.php#wpcf7-f2402-o4\" method=\"post\" class=\"wpcf7-form\" novalidate=\"novalidate\">\n<label class=\"ebd_input\"><input type=\"hidden\" name=\"ebd_downloads[]\" value=\"2403|Clique aqui para Baixar\"><\/label><input type=\"hidden\" class=\"ebd_setting\" name=\"ebd_settings[]\" value=\"title|Clique aqui para Baixar\"><input type=\"hidden\" class=\"ebd_setting\" name=\"ebd_settings[]\" value=\"checked|no\"><input type=\"hidden\" class=\"ebd_setting\" name=\"ebd_settings[]\" value=\"hide_form|yes\"><input type=\"hidden\" class=\"ebd_setting\" name=\"ebd_settings[]\" value=\"radio|no\"><input type=\"hidden\" class=\"ebd_setting\" name=\"ebd_settings[]\" value=\"from_name| \"><input type=\"hidden\" class=\"ebd_setting\" name=\"ebd_settings[]\" value=\"item_id|6\"><input type=\"hidden\" class=\"ebd_setting\" name=\"ebd_settings[]\" value=\"form_id|wpcf7-f2402-o4\"><\/p>\n<div style=\"display: none;\">\n<input type=\"hidden\" name=\"_wpcf7\" value=\"2402\"><input type=\"hidden\" name=\"_wpcf7_version\" value=\"5.1.7\"><input type=\"hidden\" name=\"_wpcf7_locale\" value=\"pt_BR\"><input type=\"hidden\" name=\"_wpcf7_unit_tag\" value=\"wpcf7-f2402-o4\"><input type=\"hidden\" name=\"_wpcf7_container_post\" value=\"0\">\n<\/div>\n<p><label>Nome: <span class=\"wpcf7-form-control-wrap nome\"><input type=\"text\" name=\"nome\" value=\"\" size=\"40\" class=\"wpcf7-form-control wpcf7-text wpcf7-validates-as-required\" aria-required=\"true\" aria-invalid=\"false\"><\/span><\/label><\/p>\n<p><label>E-mail:<span class=\"wpcf7-form-control-wrap e-mail\"><input type=\"email\" name=\"e-mail\" value=\"\" size=\"40\" class=\"wpcf7-form-control wpcf7-text wpcf7-email wpcf7-validates-as-required wpcf7-validates-as-email\" aria-required=\"true\" aria-invalid=\"false\"><\/span><\/label><\/p>\n<p><label>Empresa: <span class=\"wpcf7-form-control-wrap empresa\"><input type=\"text\" name=\"empresa\" value=\"\" size=\"40\" class=\"wpcf7-form-control wpcf7-text\" aria-invalid=\"false\"><\/span><\/label><\/p>\n<p><label>Cargo: <span class=\"wpcf7-form-control-wrap cargo\"><input type=\"text\" name=\"cargo\" value=\"\" size=\"40\" class=\"wpcf7-form-control wpcf7-text\" aria-invalid=\"false\"><\/span><\/label><\/p>\n<p><label>Telefone: <span class=\"wpcf7-form-control-wrap telefone\"><input type=\"tel\" name=\"telefone\" value=\"\" size=\"40\" class=\"wpcf7-form-control wpcf7-text wpcf7-tel wpcf7-validates-as-required wpcf7-validates-as-tel\" aria-required=\"true\" aria-invalid=\"false\"><\/span><\/label><\/p>\n<p><input type=\"submit\" value=\"Enviar\" class=\"wpcf7-form-control wpcf7-submit\"><\/p>\n<div class=\"wpcf7-response-output wpcf7-display-none\"><\/div>\n<p><script> var wpcf7f2402o4selectors = \"div#wpcf7-f2402-o4 > form > .ebd_input > input\";<\/p>\n<p>        jQuery( wpcf7f2402o4selectors ).on( \"click\", function () {\n            var wpcf7f2402o4n = jQuery( wpcf7f2402o4selectors+\":checked\" ).length;<\/p>\n<p>            if(wpcf7f2402o4n > 0) jQuery(\"div#wpcf7-f2402-o4 form \").children().not('.ebd_input').not('.wpcf7-response-output').show();\n            else jQuery(\"div#wpcf7-f2402-o4 form \").children().not('.ebd_input').not('.wpcf7-response-output').hide();\n        } );    jQuery('.wpcf7-response-output').hide();\n<\/script><br \/>\n<\/form>\n<\/div>\n<\/div>\n<\/div>\n<\/div>\n<div class=\"kc-elm kc-css-3628759 kc_col-sm-4 kc_column kc_col-sm-4\">\n<div class=\"kc-col-container\"><\/div>\n<\/div>\n<\/div>\n<\/div>\n<\/section>\n<section class=\"kc-elm kc-css-4352137 kc_row\">\n<div class=\"kc-row-container  kc-container\">\n<div class=\"kc-wrap-columns\">\n<div class=\"kc-elm kc-css-3336096 kc_col-sm-12 kc_column kc_col-sm-12\">\n<div class=\"kc-col-container\">\n<div class=\"kc-elm kc-css-3723342\" style=\"height: 79px; clear: both; width:100%;\"><\/div>\n<\/div>\n<\/div>\n<\/div>\n<\/div>\n<\/section>\n<section class=\"kc-elm kc-css-910868 kc_row\">\n<div class=\"kc-row-container  kc-container\">\n<div class=\"kc-wrap-columns\">\n<div class=\"kc-elm kc-css-4223063 kc_col-sm-12 kc_column kc_col-sm-12\">\n<div class=\"kc-col-container\">\n<div class=\"kc-elm kc-css-43772\" style=\"height: 30px; clear: both; width:100%;\"><\/div>\n<div class=\"kc-elm kc-css-1041455 kc-title-wrap \">\n<h3 class=\"kc_title section-title center\">Preencha o formul\u00e1rio e baixe o PDF.<\/h3>\n<\/div>\n<\/div>\n<\/div>\n<\/div>\n<\/div>\n<\/section>\n<section data-kc-equalheight=\"true\" data-kc-equalheight-align=\"middle\" class=\"kc-elm kc-css-2608952 kc_row\">\n<div class=\"kc-row-container  kc-container\">\n<div class=\"kc-wrap-columns\">\n<div class=\"kc-elm kc-css-2439052 kc_col-sm-4 kc_column kc_col-sm-4\">\n<div class=\"kc-col-container\"><\/div>\n<\/div>\n<div class=\"kc-elm kc-css-2505662 kc_col-sm-4 kc_column kc_col-sm-4\">\n<div class=\"kc-col-container\">\n<div class=\"kc-elm kc-css-3231658 kc-raw-code\">\n<div role=\"form\" class=\"wpcf7\" id=\"wpcf7-f2171-o5\" lang=\"pt-BR\" dir=\"ltr\">\n<div class=\"screen-reader-response\"><\/div>\n<form action=\"\/wp-admin\/post.php#wpcf7-f2171-o5\" method=\"post\" class=\"wpcf7-form\" novalidate=\"novalidate\">\n<label class=\"ebd_input\"><input type=\"hidden\" name=\"ebd_downloads[]\" value=\"2187|Clique aqui para Baixar\"><\/label><input type=\"hidden\" class=\"ebd_setting\" name=\"ebd_settings[]\" value=\"title|Clique aqui para Baixar\"><input type=\"hidden\" class=\"ebd_setting\" name=\"ebd_settings[]\" value=\"checked|no\"><input type=\"hidden\" class=\"ebd_setting\" name=\"ebd_settings[]\" value=\"hide_form|yes\"><input type=\"hidden\" class=\"ebd_setting\" name=\"ebd_settings[]\" value=\"radio|no\"><input type=\"hidden\" class=\"ebd_setting\" name=\"ebd_settings[]\" value=\"from_name| \"><input type=\"hidden\" class=\"ebd_setting\" name=\"ebd_settings[]\" value=\"item_id|4\"><input type=\"hidden\" class=\"ebd_setting\" name=\"ebd_settings[]\" value=\"form_id|wpcf7-f2171-o5\"><\/p>\n<div style=\"display: none;\">\n<input type=\"hidden\" name=\"_wpcf7\" value=\"2171\"><input type=\"hidden\" name=\"_wpcf7_version\" value=\"5.1.7\"><input type=\"hidden\" name=\"_wpcf7_locale\" value=\"pt_BR\"><input type=\"hidden\" name=\"_wpcf7_unit_tag\" value=\"wpcf7-f2171-o5\"><input type=\"hidden\" name=\"_wpcf7_container_post\" value=\"0\">\n<\/div>\n<p><label>Nome: <span class=\"wpcf7-form-control-wrap nome\"><input type=\"text\" name=\"nome\" value=\"\" size=\"40\" class=\"wpcf7-form-control wpcf7-text wpcf7-validates-as-required\" aria-required=\"true\" aria-invalid=\"false\"><\/span><\/label><\/p>\n<p><label>E-mail:<span class=\"wpcf7-form-control-wrap e-mail\"><input type=\"email\" name=\"e-mail\" value=\"\" size=\"40\" class=\"wpcf7-form-control wpcf7-text wpcf7-email wpcf7-validates-as-required wpcf7-validates-as-email\" aria-required=\"true\" aria-invalid=\"false\"><\/span><\/label><\/p>\n<p><label>Empresa: <span class=\"wpcf7-form-control-wrap empresa\"><input type=\"text\" name=\"empresa\" value=\"\" size=\"40\" class=\"wpcf7-form-control wpcf7-text\" aria-invalid=\"false\"><\/span><\/label><\/p>\n<p><label>Cargo: <span class=\"wpcf7-form-control-wrap cargo\"><input type=\"text\" name=\"cargo\" value=\"\" size=\"40\" class=\"wpcf7-form-control wpcf7-text\" aria-invalid=\"false\"><\/span><\/label><\/p>\n<p><label>Telefone: <span class=\"wpcf7-form-control-wrap telefone\"><input type=\"tel\" name=\"telefone\" value=\"\" size=\"40\" class=\"wpcf7-form-control wpcf7-text wpcf7-tel wpcf7-validates-as-required wpcf7-validates-as-tel\" aria-required=\"true\" aria-invalid=\"false\"><\/span><\/label><\/p>\n<p><input type=\"submit\" value=\"Enviar\" class=\"wpcf7-form-control wpcf7-submit\"><\/p>\n<div class=\"wpcf7-response-output wpcf7-display-none\"><\/div>\n<p><script> var wpcf7f2171o5selectors = \"div#wpcf7-f2171-o5 > form > .ebd_input > input\";<\/p>\n<p>        jQuery( wpcf7f2171o5selectors ).on( \"click\", function () {\n            var wpcf7f2171o5n = jQuery( wpcf7f2171o5selectors+\":checked\" ).length;<\/p>\n<p>            if(wpcf7f2171o5n > 0) jQuery(\"div#wpcf7-f2171-o5 form \").children().not('.ebd_input').not('.wpcf7-response-output').show();\n            else jQuery(\"div#wpcf7-f2171-o5 form \").children().not('.ebd_input').not('.wpcf7-response-output').hide();\n        } );    jQuery('.wpcf7-response-output').hide();\n<\/script><br \/>\n<\/form>\n<\/div>\n<\/div>\n<\/div>\n<\/div>\n<div class=\"kc-elm kc-css-2435131 kc_col-sm-4 kc_column kc_col-sm-4\">\n<div class=\"kc-col-container\"><\/div>\n<\/div>\n<\/div>\n<\/div>\n<\/section>\n<section class=\"kc-elm kc-css-1770289 kc_row\">\n<div class=\"kc-row-container  kc-container\">\n<div class=\"kc-wrap-columns\">\n<div class=\"kc-elm kc-css-3230409 kc_col-sm-12 kc_column kc_col-sm-12\">\n<div class=\"kc-col-container\">\n<div class=\"kc-elm kc-css-2132138\" style=\"height: 79px; clear: both; width:100%;\"><\/div>\n<\/div>\n<\/div>\n<\/div>\n<\/div>\n<\/section>\n<p>[:es]<\/p>\n<section class=\"kc-elm kc-css-3186497 kc_row\">\n<div class=\"kc-row-container  kc-container\">\n<div class=\"kc-wrap-columns\">\n<div class=\"kc-elm kc-css-2020429 kc_col-sm-12 kc_column kc_col-sm-12\">\n<div class=\"kc-col-container\">\n<div class=\"default-form-area\">\n<div class=\"section-title\">\n<h3>Preencha o formul\u00e1rio e baixe o E-book.<\/h3>\n<\/p><\/div>\n<div id=\"contact_form\" class=\"default-form service-form\">\n\t\t\t<\/div>\n<\/div>\n<div class=\"kc-elm kc-css-474100 kc-raw-code\">\n<div role=\"form\" class=\"wpcf7\" id=\"wpcf7-f1733-o6\" lang=\"pt-BR\" dir=\"ltr\">\n<div class=\"screen-reader-response\"><\/div>\n<form action=\"\/wp-admin\/post.php#wpcf7-f1733-o6\" method=\"post\" class=\"wpcf7-form\" novalidate=\"novalidate\">\n<label class=\"ebd_input\"><input type=\"hidden\" name=\"ebd_downloads[]\" value=\"1736|Clique aqui para baixar\"><\/label><input type=\"hidden\" class=\"ebd_setting\" name=\"ebd_settings[]\" value=\"title|Clique aqui para baixar\"><input type=\"hidden\" class=\"ebd_setting\" name=\"ebd_settings[]\" value=\"checked|no\"><input type=\"hidden\" class=\"ebd_setting\" name=\"ebd_settings[]\" value=\"hide_form|yes\"><input type=\"hidden\" class=\"ebd_setting\" name=\"ebd_settings[]\" value=\"radio|no\"><input type=\"hidden\" class=\"ebd_setting\" name=\"ebd_settings[]\" value=\"from_name| \"><input type=\"hidden\" class=\"ebd_setting\" name=\"ebd_settings[]\" value=\"item_id|3\"><input type=\"hidden\" class=\"ebd_setting\" name=\"ebd_settings[]\" value=\"form_id|wpcf7-f1733-o6\"><\/p>\n<div style=\"display: none;\">\n<input type=\"hidden\" name=\"_wpcf7\" value=\"1733\"><input type=\"hidden\" name=\"_wpcf7_version\" value=\"5.1.7\"><input type=\"hidden\" name=\"_wpcf7_locale\" value=\"pt_BR\"><input type=\"hidden\" name=\"_wpcf7_unit_tag\" value=\"wpcf7-f1733-o6\"><input type=\"hidden\" name=\"_wpcf7_container_post\" value=\"0\">\n<\/div>\n<p><label>Nome: <span class=\"wpcf7-form-control-wrap nome\"><input type=\"text\" name=\"nome\" value=\"\" size=\"40\" class=\"wpcf7-form-control wpcf7-text wpcf7-validates-as-required\" aria-required=\"true\" aria-invalid=\"false\"><\/span><\/label><\/p>\n<p><label>E-mail:<span class=\"wpcf7-form-control-wrap e-mail\"><input type=\"email\" name=\"e-mail\" value=\"\" size=\"40\" class=\"wpcf7-form-control wpcf7-text wpcf7-email wpcf7-validates-as-required wpcf7-validates-as-email\" aria-required=\"true\" aria-invalid=\"false\"><\/span><\/label><\/p>\n<p><label>Empresa: <span class=\"wpcf7-form-control-wrap empresa\"><input type=\"text\" name=\"empresa\" value=\"\" size=\"40\" class=\"wpcf7-form-control wpcf7-text\" aria-invalid=\"false\"><\/span><\/label><\/p>\n<p><label>Cargo: <span class=\"wpcf7-form-control-wrap cargo\"><input type=\"text\" name=\"cargo\" value=\"\" size=\"40\" class=\"wpcf7-form-control wpcf7-text\" aria-invalid=\"false\"><\/span><\/label><\/p>\n<p><label>Telefone: <span class=\"wpcf7-form-control-wrap telefone\"><input type=\"tel\" name=\"telefone\" value=\"\" size=\"40\" class=\"wpcf7-form-control wpcf7-text wpcf7-tel wpcf7-validates-as-required wpcf7-validates-as-tel\" aria-required=\"true\" aria-invalid=\"false\"><\/span><\/label><\/p>\n<p><input type=\"submit\" value=\"Enviar\" class=\"wpcf7-form-control wpcf7-submit\"><\/p>\n<div class=\"wpcf7-response-output wpcf7-display-none\"><\/div>\n<p><script> var wpcf7f1733o6selectors = \"div#wpcf7-f1733-o6 > form > .ebd_input > input\";<\/p>\n<p>        jQuery( wpcf7f1733o6selectors ).on( \"click\", function () {\n            var wpcf7f1733o6n = jQuery( wpcf7f1733o6selectors+\":checked\" ).length;<\/p>\n<p>            if(wpcf7f1733o6n > 0) jQuery(\"div#wpcf7-f1733-o6 form \").children().not('.ebd_input').not('.wpcf7-response-output').show();\n            else jQuery(\"div#wpcf7-f1733-o6 form \").children().not('.ebd_input').not('.wpcf7-response-output').hide();\n        } );    jQuery('.wpcf7-response-output').hide();\n<\/script><br \/>\n<\/form>\n<\/div>\n<\/div>\n<\/div>\n<\/div>\n<\/div>\n<\/div>\n<\/section>\n<section class=\"kc-elm kc-css-2910979 kc_row\">\n<div class=\"kc-row-container  kc-container\">\n<div class=\"kc-wrap-columns\">\n<div class=\"kc-elm kc-css-2224732 kc_col-sm-12 kc_column kc_col-sm-12\">\n<div class=\"kc-col-container\">\n<div class=\"kc-elm kc-css-1902646\" style=\"height: 51px; clear: both; width:100%;\"><\/div>\n<\/div>\n<\/div>\n<\/div>\n<\/div>\n<\/section>\n","protected":false},"excerpt":{"rendered":"<p>Preencha o formul\u00e1rio e baixe o PDF. Nome: E-mail: Empresa: Cargo: Telefone: Preencha o formul\u00e1rio e baixe o PDF. Nome: E-mail: Empresa: Cargo: Telefone: [:es] Preencha o formul\u00e1rio e baixe o E-book. Nome: E-mail: Empresa: Cargo: Telefone:<\/p>\n","protected":false},"author":1,"featured_media":0,"parent":0,"menu_order":0,"comment_status":"closed","ping_status":"closed","template":"tpl-king_composer.php","meta":{"_acf_changed":false,"footnotes":""},"class_list":["post-2400","page","type-page","status-publish","hentry"],"acf":[],"yoast_head":"<!-- This site is optimized with the Yoast SEO plugin v26.7 - https:\/\/yoast.com\/wordpress\/plugins\/seo\/ -->\n<title>Controles internos em tempo de Home Office - PP&amp;C<\/title>\n<meta name=\"robots\" content=\"index, follow, max-snippet:-1, max-image-preview:large, max-video-preview:-1\" \/>\n<link rel=\"canonical\" href=\"https:\/\/ppc.com.br\/controles-internos-em-tempo-de-home-office\/\" \/>\n<meta property=\"og:locale\" content=\"en_US\" \/>\n<meta property=\"og:type\" content=\"article\" \/>\n<meta property=\"og:title\" content=\"Controles internos em tempo de Home Office - PP&amp;C\" \/>\n<meta property=\"og:description\" content=\"Preencha o formul\u00e1rio e baixe o PDF. Nome: E-mail: Empresa: Cargo: Telefone: Preencha o formul\u00e1rio e baixe o PDF. Nome: E-mail: Empresa: Cargo: Telefone: [:es] Preencha o formul\u00e1rio e baixe o E-book. Nome: E-mail: Empresa: Cargo: Telefone:\" \/>\n<meta property=\"og:url\" content=\"https:\/\/ppc.com.br\/controles-internos-em-tempo-de-home-office\/\" \/>\n<meta property=\"og:site_name\" content=\"PP&amp;C\" \/>\n<meta property=\"article:modified_time\" content=\"2020-07-23T19:13:29+00:00\" \/>\n<meta name=\"twitter:card\" content=\"summary_large_image\" \/>\n<script type=\"application\/ld+json\" class=\"yoast-schema-graph\">{\"@context\":\"https:\/\/schema.org\",\"@graph\":[{\"@type\":\"WebPage\",\"@id\":\"https:\/\/ppc.com.br\/controles-internos-em-tempo-de-home-office\/\",\"url\":\"https:\/\/ppc.com.br\/controles-internos-em-tempo-de-home-office\/\",\"name\":\"Controles internos em tempo de Home Office - PP&amp;C\",\"isPartOf\":{\"@id\":\"https:\/\/ppc.com.br\/#website\"},\"datePublished\":\"2020-07-23T18:54:58+00:00\",\"dateModified\":\"2020-07-23T19:13:29+00:00\",\"breadcrumb\":{\"@id\":\"https:\/\/ppc.com.br\/controles-internos-em-tempo-de-home-office\/#breadcrumb\"},\"inLanguage\":\"en-US\",\"potentialAction\":[{\"@type\":\"ReadAction\",\"target\":[\"https:\/\/ppc.com.br\/controles-internos-em-tempo-de-home-office\/\"]}]},{\"@type\":\"BreadcrumbList\",\"@id\":\"https:\/\/ppc.com.br\/controles-internos-em-tempo-de-home-office\/#breadcrumb\",\"itemListElement\":[{\"@type\":\"ListItem\",\"position\":1,\"name\":\"In\u00edcio\",\"item\":\"https:\/\/ppc.com.br\/en\/\"},{\"@type\":\"ListItem\",\"position\":2,\"name\":\"Controles internos em tempo de Home Office\"}]},{\"@type\":\"WebSite\",\"@id\":\"https:\/\/ppc.com.br\/#website\",\"url\":\"https:\/\/ppc.com.br\/\",\"name\":\"PP&amp;C\",\"description\":\"Auditores Independentes\",\"publisher\":{\"@id\":\"https:\/\/ppc.com.br\/#organization\"},\"potentialAction\":[{\"@type\":\"SearchAction\",\"target\":{\"@type\":\"EntryPoint\",\"urlTemplate\":\"https:\/\/ppc.com.br\/?s={search_term_string}\"},\"query-input\":{\"@type\":\"PropertyValueSpecification\",\"valueRequired\":true,\"valueName\":\"search_term_string\"}}],\"inLanguage\":\"en-US\"},{\"@type\":\"Organization\",\"@id\":\"https:\/\/ppc.com.br\/#organization\",\"name\":\"PP&amp;C\",\"url\":\"https:\/\/ppc.com.br\/\",\"logo\":{\"@type\":\"ImageObject\",\"inLanguage\":\"en-US\",\"@id\":\"https:\/\/ppc.com.br\/#\/schema\/logo\/image\/\",\"url\":\"https:\/\/ppc.com.br\/wp-content\/uploads\/2017\/06\/logo.png\",\"contentUrl\":\"https:\/\/ppc.com.br\/wp-content\/uploads\/2017\/06\/logo.png\",\"width\":155,\"height\":64,\"caption\":\"PP&amp;C\"},\"image\":{\"@id\":\"https:\/\/ppc.com.br\/#\/schema\/logo\/image\/\"}}]}<\/script>\n<!-- \/ Yoast SEO plugin. -->","yoast_head_json":{"title":"Controles internos em tempo de Home Office - PP&amp;C","robots":{"index":"index","follow":"follow","max-snippet":"max-snippet:-1","max-image-preview":"max-image-preview:large","max-video-preview":"max-video-preview:-1"},"canonical":"https:\/\/ppc.com.br\/controles-internos-em-tempo-de-home-office\/","og_locale":"en_US","og_type":"article","og_title":"Controles internos em tempo de Home Office - PP&amp;C","og_description":"Preencha o formul\u00e1rio e baixe o PDF. Nome: E-mail: Empresa: Cargo: Telefone: Preencha o formul\u00e1rio e baixe o PDF. Nome: E-mail: Empresa: Cargo: Telefone: [:es] Preencha o formul\u00e1rio e baixe o E-book. Nome: E-mail: Empresa: Cargo: Telefone:","og_url":"https:\/\/ppc.com.br\/controles-internos-em-tempo-de-home-office\/","og_site_name":"PP&amp;C","article_modified_time":"2020-07-23T19:13:29+00:00","twitter_card":"summary_large_image","schema":{"@context":"https:\/\/schema.org","@graph":[{"@type":"WebPage","@id":"https:\/\/ppc.com.br\/controles-internos-em-tempo-de-home-office\/","url":"https:\/\/ppc.com.br\/controles-internos-em-tempo-de-home-office\/","name":"Controles internos em tempo de Home Office - PP&amp;C","isPartOf":{"@id":"https:\/\/ppc.com.br\/#website"},"datePublished":"2020-07-23T18:54:58+00:00","dateModified":"2020-07-23T19:13:29+00:00","breadcrumb":{"@id":"https:\/\/ppc.com.br\/controles-internos-em-tempo-de-home-office\/#breadcrumb"},"inLanguage":"en-US","potentialAction":[{"@type":"ReadAction","target":["https:\/\/ppc.com.br\/controles-internos-em-tempo-de-home-office\/"]}]},{"@type":"BreadcrumbList","@id":"https:\/\/ppc.com.br\/controles-internos-em-tempo-de-home-office\/#breadcrumb","itemListElement":[{"@type":"ListItem","position":1,"name":"In\u00edcio","item":"https:\/\/ppc.com.br\/en\/"},{"@type":"ListItem","position":2,"name":"Controles internos em tempo de Home Office"}]},{"@type":"WebSite","@id":"https:\/\/ppc.com.br\/#website","url":"https:\/\/ppc.com.br\/","name":"PP&amp;C","description":"Auditores Independentes","publisher":{"@id":"https:\/\/ppc.com.br\/#organization"},"potentialAction":[{"@type":"SearchAction","target":{"@type":"EntryPoint","urlTemplate":"https:\/\/ppc.com.br\/?s={search_term_string}"},"query-input":{"@type":"PropertyValueSpecification","valueRequired":true,"valueName":"search_term_string"}}],"inLanguage":"en-US"},{"@type":"Organization","@id":"https:\/\/ppc.com.br\/#organization","name":"PP&amp;C","url":"https:\/\/ppc.com.br\/","logo":{"@type":"ImageObject","inLanguage":"en-US","@id":"https:\/\/ppc.com.br\/#\/schema\/logo\/image\/","url":"https:\/\/ppc.com.br\/wp-content\/uploads\/2017\/06\/logo.png","contentUrl":"https:\/\/ppc.com.br\/wp-content\/uploads\/2017\/06\/logo.png","width":155,"height":64,"caption":"PP&amp;C"},"image":{"@id":"https:\/\/ppc.com.br\/#\/schema\/logo\/image\/"}}]}},"_links":{"self":[{"href":"https:\/\/ppc.com.br\/en\/wp-json\/wp\/v2\/pages\/2400","targetHints":{"allow":["GET"]}}],"collection":[{"href":"https:\/\/ppc.com.br\/en\/wp-json\/wp\/v2\/pages"}],"about":[{"href":"https:\/\/ppc.com.br\/en\/wp-json\/wp\/v2\/types\/page"}],"author":[{"embeddable":true,"href":"https:\/\/ppc.com.br\/en\/wp-json\/wp\/v2\/users\/1"}],"replies":[{"embeddable":true,"href":"https:\/\/ppc.com.br\/en\/wp-json\/wp\/v2\/comments?post=2400"}],"version-history":[{"count":0,"href":"https:\/\/ppc.com.br\/en\/wp-json\/wp\/v2\/pages\/2400\/revisions"}],"wp:attachment":[{"href":"https:\/\/ppc.com.br\/en\/wp-json\/wp\/v2\/media?parent=2400"}],"curies":[{"name":"wp","href":"https:\/\/api.w.org\/{rel}","templated":true}]}}