{"id":40414,"date":"2026-02-24T16:17:58","date_gmt":"2026-02-24T19:17:58","guid":{"rendered":"https:\/\/ppc.com.br\/?page_id=40414"},"modified":"2026-02-24T16:33:06","modified_gmt":"2026-02-24T19:33:06","slug":"canal-de-denuncias","status":"publish","type":"page","link":"https:\/\/ppc.com.br\/en\/canal-de-denuncias\/","title":{"rendered":"Canal de Den\u00fancias"},"content":{"rendered":"\t\t<div data-elementor-type=\"wp-page\" data-elementor-id=\"40414\" class=\"elementor elementor-40414\" data-elementor-post-type=\"page\">\n\t\t\t\t<div class=\"elementor-element elementor-element-4955e5d3 e-flex e-con-boxed e-con e-parent\" data-id=\"4955e5d3\" data-element_type=\"container\">\n\t\t\t\t\t<div class=\"e-con-inner\">\n\t\t\t\t<div class=\"elementor-element elementor-element-13b2ca10 elementor-widget elementor-widget-text-editor\" data-id=\"13b2ca10\" data-element_type=\"widget\" data-widget_type=\"text-editor.default\">\n\t\t\t\t<div class=\"elementor-widget-container\">\n\t\t\t\t\t\t\t\t\t<p>Reconhecemos que este documento n\u00e3o cobre todas as situa\u00e7\u00f5es e que, eventualmente, podemos ter a necessidade de recorrer ao apoio e aconselhamento de algu\u00e9m.<\/p>\t\t\t\t\t\t\t\t<\/div>\n\t\t\t\t<\/div>\n\t\t\t\t<div class=\"elementor-element elementor-element-b4be0fd elementor-widget elementor-widget-text-editor\" data-id=\"b4be0fd\" data-element_type=\"widget\" data-widget_type=\"text-editor.default\">\n\t\t\t\t<div class=\"elementor-widget-container\">\n\t\t\t\t\t\t\t\t\t<p>Para isso contamos com o Comit\u00ea de \u00c9tica, que estar\u00e1 acess\u00edvel para prestar o devido suporte \u00e0 temas relacionados ao C\u00f3digo de \u00e9tica e conduta da PP&amp;C, frente \u00e0 situa\u00e7\u00f5es conflitantes.<\/p>\t\t\t\t\t\t\t\t<\/div>\n\t\t\t\t<\/div>\n\t\t\t\t<div class=\"elementor-element elementor-element-dfce5b3 elementor-widget elementor-widget-text-editor\" data-id=\"dfce5b3\" data-element_type=\"widget\" data-widget_type=\"text-editor.default\">\n\t\t\t\t<div class=\"elementor-widget-container\">\n\t\t\t\t\t\t\t\t\t<p>Al\u00e9m disso, nossos profissionais podem contar com um canal de den\u00fancias dispon\u00edvel 24 horas, totalmente independente e an\u00f4nimo, administrado pela empresa refer\u00eancia no mercado Contato Seguro, que poder\u00e1 ser acessado atrav\u00e9s dos seguintes meios:<\/p>\t\t\t\t\t\t\t\t<\/div>\n\t\t\t\t<\/div>\n\t\t\t\t<div class=\"elementor-element elementor-element-ef9e67d elementor-widget elementor-widget-spacer\" data-id=\"ef9e67d\" data-element_type=\"widget\" data-widget_type=\"spacer.default\">\n\t\t\t\t<div class=\"elementor-widget-container\">\n\t\t\t\t\t\t\t<div class=\"elementor-spacer\">\n\t\t\t<div class=\"elementor-spacer-inner\"><\/div>\n\t\t<\/div>\n\t\t\t\t\t\t<\/div>\n\t\t\t\t<\/div>\n\t\t\t\t<div class=\"elementor-element elementor-element-7592e59 elementor-widget elementor-widget-text-editor\" data-id=\"7592e59\" data-element_type=\"widget\" data-widget_type=\"text-editor.default\">\n\t\t\t\t<div class=\"elementor-widget-container\">\n\t\t\t\t\t\t\t\t\t\n<p>Site: <a href=\"https:\/\/www.contatoseguro.com.br\/ppc\" target=\"_blank\" rel=\"noopener\">www.contatoseguro.com.br\/ppc<\/a><\/p>\n\n<p>Telefone: 0800-602 6911<\/p>\n\n<p>Ou via mobile, atrav\u00e9s do App Contato Seguro.<\/p>\n\t\t\t\t\t\t\t\t<\/div>\n\t\t\t\t<\/div>\n\t\t\t\t<div class=\"elementor-element elementor-element-31bf14b elementor-widget elementor-widget-image\" data-id=\"31bf14b\" data-element_type=\"widget\" data-widget_type=\"image.default\">\n\t\t\t\t<div class=\"elementor-widget-container\">\n\t\t\t\t\t\t\t\t\t\t\t\t\t\t\t<img fetchpriority=\"high\" decoding=\"async\" width=\"300\" height=\"300\" src=\"https:\/\/ppc.com.br\/wp-content\/uploads\/2026\/02\/canal-de-denuncias-QR-Code-1-300x300.png\" class=\"attachment-medium size-medium wp-image-40431\" alt=\"\" srcset=\"https:\/\/ppc.com.br\/wp-content\/uploads\/2026\/02\/canal-de-denuncias-QR-Code-1-300x300.png 300w, https:\/\/ppc.com.br\/wp-content\/uploads\/2026\/02\/canal-de-denuncias-QR-Code-1-150x150.png 150w, https:\/\/ppc.com.br\/wp-content\/uploads\/2026\/02\/canal-de-denuncias-QR-Code-1.png 430w\" sizes=\"(max-width: 300px) 100vw, 300px\" \/>\t\t\t\t\t\t\t\t\t\t\t\t\t\t\t<\/div>\n\t\t\t\t<\/div>\n\t\t\t\t<div class=\"elementor-element elementor-element-fffdd7a elementor-widget elementor-widget-spacer\" data-id=\"fffdd7a\" data-element_type=\"widget\" data-widget_type=\"spacer.default\">\n\t\t\t\t<div class=\"elementor-widget-container\">\n\t\t\t\t\t\t\t<div class=\"elementor-spacer\">\n\t\t\t<div class=\"elementor-spacer-inner\"><\/div>\n\t\t<\/div>\n\t\t\t\t\t\t<\/div>\n\t\t\t\t<\/div>\n\t\t\t\t\t<\/div>\n\t\t\t\t<\/div>\n\t\t\t\t<\/div>\n\t\t","protected":false},"excerpt":{"rendered":"<p>Reconhecemos que este documento n\u00e3o cobre todas as situa\u00e7\u00f5es e que, eventualmente, podemos ter a necessidade de recorrer ao apoio e aconselhamento de algu\u00e9m. Para isso contamos com o Comit\u00ea de \u00c9tica, que estar\u00e1 acess\u00edvel para prestar o devido suporte \u00e0 temas relacionados ao C\u00f3digo de \u00e9tica e conduta da PP&amp;C, frente \u00e0 situa\u00e7\u00f5es conflitantes. [&hellip;]<\/p>\n","protected":false},"author":1,"featured_media":0,"parent":0,"menu_order":0,"comment_status":"closed","ping_status":"closed","template":"","meta":{"_acf_changed":false,"footnotes":""},"class_list":["post-40414","page","type-page","status-publish","hentry"],"acf":[],"yoast_head":"<!-- This site is optimized with the Yoast SEO plugin v26.7 - https:\/\/yoast.com\/wordpress\/plugins\/seo\/ -->\n<title>Canal de Den\u00fancias - PP&amp;C<\/title>\n<meta name=\"robots\" content=\"index, follow, max-snippet:-1, max-image-preview:large, max-video-preview:-1\" \/>\n<link rel=\"canonical\" href=\"https:\/\/ppc.com.br\/canal-de-denuncias\/\" \/>\n<meta property=\"og:locale\" content=\"en_US\" \/>\n<meta property=\"og:type\" content=\"article\" \/>\n<meta property=\"og:title\" content=\"Canal de Den\u00fancias - PP&amp;C\" \/>\n<meta property=\"og:description\" content=\"Reconhecemos que este documento n\u00e3o cobre todas as situa\u00e7\u00f5es e que, eventualmente, podemos ter a necessidade de recorrer ao apoio e aconselhamento de algu\u00e9m. Para isso contamos com o Comit\u00ea de \u00c9tica, que estar\u00e1 acess\u00edvel para prestar o devido suporte \u00e0 temas relacionados ao C\u00f3digo de \u00e9tica e conduta da PP&amp;C, frente \u00e0 situa\u00e7\u00f5es conflitantes. [&hellip;]\" \/>\n<meta property=\"og:url\" content=\"https:\/\/ppc.com.br\/canal-de-denuncias\/\" \/>\n<meta property=\"og:site_name\" content=\"PP&amp;C\" \/>\n<meta property=\"article:modified_time\" content=\"2026-02-24T19:33:06+00:00\" \/>\n<meta property=\"og:image\" content=\"https:\/\/ppc.com.br\/wp-content\/uploads\/2026\/02\/canal-de-denuncias-QR-Code-1.png\" \/>\n\t<meta property=\"og:image:width\" content=\"430\" \/>\n\t<meta property=\"og:image:height\" content=\"430\" \/>\n\t<meta property=\"og:image:type\" content=\"image\/png\" \/>\n<meta name=\"twitter:card\" content=\"summary_large_image\" \/>\n<meta name=\"twitter:label1\" content=\"Est. reading time\" \/>\n\t<meta name=\"twitter:data1\" content=\"1 minute\" \/>\n<script type=\"application\/ld+json\" class=\"yoast-schema-graph\">{\"@context\":\"https:\/\/schema.org\",\"@graph\":[{\"@type\":\"WebPage\",\"@id\":\"https:\/\/ppc.com.br\/canal-de-denuncias\/\",\"url\":\"https:\/\/ppc.com.br\/canal-de-denuncias\/\",\"name\":\"Canal de Den\u00fancias - PP&amp;C\",\"isPartOf\":{\"@id\":\"https:\/\/ppc.com.br\/#website\"},\"primaryImageOfPage\":{\"@id\":\"https:\/\/ppc.com.br\/canal-de-denuncias\/#primaryimage\"},\"image\":{\"@id\":\"https:\/\/ppc.com.br\/canal-de-denuncias\/#primaryimage\"},\"thumbnailUrl\":\"https:\/\/ppc.com.br\/wp-content\/uploads\/2026\/02\/canal-de-denuncias-QR-Code-1-300x300.png\",\"datePublished\":\"2026-02-24T19:17:58+00:00\",\"dateModified\":\"2026-02-24T19:33:06+00:00\",\"breadcrumb\":{\"@id\":\"https:\/\/ppc.com.br\/canal-de-denuncias\/#breadcrumb\"},\"inLanguage\":\"en-US\",\"potentialAction\":[{\"@type\":\"ReadAction\",\"target\":[\"https:\/\/ppc.com.br\/canal-de-denuncias\/\"]}]},{\"@type\":\"ImageObject\",\"inLanguage\":\"en-US\",\"@id\":\"https:\/\/ppc.com.br\/canal-de-denuncias\/#primaryimage\",\"url\":\"https:\/\/ppc.com.br\/wp-content\/uploads\/2026\/02\/canal-de-denuncias-QR-Code-1-300x300.png\",\"contentUrl\":\"https:\/\/ppc.com.br\/wp-content\/uploads\/2026\/02\/canal-de-denuncias-QR-Code-1-300x300.png\"},{\"@type\":\"BreadcrumbList\",\"@id\":\"https:\/\/ppc.com.br\/canal-de-denuncias\/#breadcrumb\",\"itemListElement\":[{\"@type\":\"ListItem\",\"position\":1,\"name\":\"In\u00edcio\",\"item\":\"https:\/\/ppc.com.br\/en\/\"},{\"@type\":\"ListItem\",\"position\":2,\"name\":\"Canal de Den\u00fancias\"}]},{\"@type\":\"WebSite\",\"@id\":\"https:\/\/ppc.com.br\/#website\",\"url\":\"https:\/\/ppc.com.br\/\",\"name\":\"PP&amp;C\",\"description\":\"Auditores Independentes\",\"publisher\":{\"@id\":\"https:\/\/ppc.com.br\/#organization\"},\"potentialAction\":[{\"@type\":\"SearchAction\",\"target\":{\"@type\":\"EntryPoint\",\"urlTemplate\":\"https:\/\/ppc.com.br\/?s={search_term_string}\"},\"query-input\":{\"@type\":\"PropertyValueSpecification\",\"valueRequired\":true,\"valueName\":\"search_term_string\"}}],\"inLanguage\":\"en-US\"},{\"@type\":\"Organization\",\"@id\":\"https:\/\/ppc.com.br\/#organization\",\"name\":\"PP&amp;C\",\"url\":\"https:\/\/ppc.com.br\/\",\"logo\":{\"@type\":\"ImageObject\",\"inLanguage\":\"en-US\",\"@id\":\"https:\/\/ppc.com.br\/#\/schema\/logo\/image\/\",\"url\":\"https:\/\/ppc.com.br\/wp-content\/uploads\/2017\/06\/logo.png\",\"contentUrl\":\"https:\/\/ppc.com.br\/wp-content\/uploads\/2017\/06\/logo.png\",\"width\":155,\"height\":64,\"caption\":\"PP&amp;C\"},\"image\":{\"@id\":\"https:\/\/ppc.com.br\/#\/schema\/logo\/image\/\"}}]}<\/script>\n<!-- \/ Yoast SEO plugin. -->","yoast_head_json":{"title":"Canal de Den\u00fancias - PP&amp;C","robots":{"index":"index","follow":"follow","max-snippet":"max-snippet:-1","max-image-preview":"max-image-preview:large","max-video-preview":"max-video-preview:-1"},"canonical":"https:\/\/ppc.com.br\/canal-de-denuncias\/","og_locale":"en_US","og_type":"article","og_title":"Canal de Den\u00fancias - PP&amp;C","og_description":"Reconhecemos que este documento n\u00e3o cobre todas as situa\u00e7\u00f5es e que, eventualmente, podemos ter a necessidade de recorrer ao apoio e aconselhamento de algu\u00e9m. Para isso contamos com o Comit\u00ea de \u00c9tica, que estar\u00e1 acess\u00edvel para prestar o devido suporte \u00e0 temas relacionados ao C\u00f3digo de \u00e9tica e conduta da PP&amp;C, frente \u00e0 situa\u00e7\u00f5es conflitantes. [&hellip;]","og_url":"https:\/\/ppc.com.br\/canal-de-denuncias\/","og_site_name":"PP&amp;C","article_modified_time":"2026-02-24T19:33:06+00:00","og_image":[{"width":430,"height":430,"url":"https:\/\/ppc.com.br\/wp-content\/uploads\/2026\/02\/canal-de-denuncias-QR-Code-1.png","type":"image\/png"}],"twitter_card":"summary_large_image","twitter_misc":{"Est. reading time":"1 minute"},"schema":{"@context":"https:\/\/schema.org","@graph":[{"@type":"WebPage","@id":"https:\/\/ppc.com.br\/canal-de-denuncias\/","url":"https:\/\/ppc.com.br\/canal-de-denuncias\/","name":"Canal de Den\u00fancias - PP&amp;C","isPartOf":{"@id":"https:\/\/ppc.com.br\/#website"},"primaryImageOfPage":{"@id":"https:\/\/ppc.com.br\/canal-de-denuncias\/#primaryimage"},"image":{"@id":"https:\/\/ppc.com.br\/canal-de-denuncias\/#primaryimage"},"thumbnailUrl":"https:\/\/ppc.com.br\/wp-content\/uploads\/2026\/02\/canal-de-denuncias-QR-Code-1-300x300.png","datePublished":"2026-02-24T19:17:58+00:00","dateModified":"2026-02-24T19:33:06+00:00","breadcrumb":{"@id":"https:\/\/ppc.com.br\/canal-de-denuncias\/#breadcrumb"},"inLanguage":"en-US","potentialAction":[{"@type":"ReadAction","target":["https:\/\/ppc.com.br\/canal-de-denuncias\/"]}]},{"@type":"ImageObject","inLanguage":"en-US","@id":"https:\/\/ppc.com.br\/canal-de-denuncias\/#primaryimage","url":"https:\/\/ppc.com.br\/wp-content\/uploads\/2026\/02\/canal-de-denuncias-QR-Code-1-300x300.png","contentUrl":"https:\/\/ppc.com.br\/wp-content\/uploads\/2026\/02\/canal-de-denuncias-QR-Code-1-300x300.png"},{"@type":"BreadcrumbList","@id":"https:\/\/ppc.com.br\/canal-de-denuncias\/#breadcrumb","itemListElement":[{"@type":"ListItem","position":1,"name":"In\u00edcio","item":"https:\/\/ppc.com.br\/en\/"},{"@type":"ListItem","position":2,"name":"Canal de Den\u00fancias"}]},{"@type":"WebSite","@id":"https:\/\/ppc.com.br\/#website","url":"https:\/\/ppc.com.br\/","name":"PP&amp;C","description":"Auditores Independentes","publisher":{"@id":"https:\/\/ppc.com.br\/#organization"},"potentialAction":[{"@type":"SearchAction","target":{"@type":"EntryPoint","urlTemplate":"https:\/\/ppc.com.br\/?s={search_term_string}"},"query-input":{"@type":"PropertyValueSpecification","valueRequired":true,"valueName":"search_term_string"}}],"inLanguage":"en-US"},{"@type":"Organization","@id":"https:\/\/ppc.com.br\/#organization","name":"PP&amp;C","url":"https:\/\/ppc.com.br\/","logo":{"@type":"ImageObject","inLanguage":"en-US","@id":"https:\/\/ppc.com.br\/#\/schema\/logo\/image\/","url":"https:\/\/ppc.com.br\/wp-content\/uploads\/2017\/06\/logo.png","contentUrl":"https:\/\/ppc.com.br\/wp-content\/uploads\/2017\/06\/logo.png","width":155,"height":64,"caption":"PP&amp;C"},"image":{"@id":"https:\/\/ppc.com.br\/#\/schema\/logo\/image\/"}}]}},"_links":{"self":[{"href":"https:\/\/ppc.com.br\/en\/wp-json\/wp\/v2\/pages\/40414","targetHints":{"allow":["GET"]}}],"collection":[{"href":"https:\/\/ppc.com.br\/en\/wp-json\/wp\/v2\/pages"}],"about":[{"href":"https:\/\/ppc.com.br\/en\/wp-json\/wp\/v2\/types\/page"}],"author":[{"embeddable":true,"href":"https:\/\/ppc.com.br\/en\/wp-json\/wp\/v2\/users\/1"}],"replies":[{"embeddable":true,"href":"https:\/\/ppc.com.br\/en\/wp-json\/wp\/v2\/comments?post=40414"}],"version-history":[{"count":17,"href":"https:\/\/ppc.com.br\/en\/wp-json\/wp\/v2\/pages\/40414\/revisions"}],"predecessor-version":[{"id":40441,"href":"https:\/\/ppc.com.br\/en\/wp-json\/wp\/v2\/pages\/40414\/revisions\/40441"}],"wp:attachment":[{"href":"https:\/\/ppc.com.br\/en\/wp-json\/wp\/v2\/media?parent=40414"}],"curies":[{"name":"wp","href":"https:\/\/api.w.org\/{rel}","templated":true}]}}